{"id":1917,"date":"2019-08-28T19:53:55","date_gmt":"2019-08-28T17:53:55","guid":{"rendered":"http:\/\/zsp-blaszki.pl\/?page_id=1917"},"modified":"2025-08-12T13:43:21","modified_gmt":"2025-08-12T11:43:21","slug":"lista-podrecznikow-201920","status":"publish","type":"page","link":"https:\/\/zsp-blaszki.pl\/?page_id=1917","title":{"rendered":"Lista podr\u0119cznik\u00f3w 2025\/2026"},"content":{"rendered":"\n<h2 class=\"wp-block-heading\">Lista podr\u0119cznik\u00f3w 2025\/2026<\/h2>\n\n\n\n<figure class=\"wp-block-image size-large\"><img loading=\"lazy\" decoding=\"async\" width=\"480\" height=\"337\" src=\"https:\/\/zsp-blaszki.pl\/wp-content\/uploads\/2019\/07\/podreczniki.jpg\" alt=\"\" class=\"wp-image-1865\" srcset=\"https:\/\/zsp-blaszki.pl\/wp-content\/uploads\/2019\/07\/podreczniki.jpg 480w, https:\/\/zsp-blaszki.pl\/wp-content\/uploads\/2019\/07\/podreczniki-300x211.jpg 300w, https:\/\/zsp-blaszki.pl\/wp-content\/uploads\/2019\/07\/podreczniki-150x105.jpg 150w\" sizes=\"auto, (max-width: 480px) 100vw, 480px\" \/><\/figure>\n\n\n<p style=\"text-align: left;\"><strong>Podr\u0119czniki klasa 1<\/strong><\/p>\n<ul>\n<li style=\"list-style-type: none;\">\n<ul>\n<li style=\"list-style-type: none;\">\n<ul>\n<li><a href=\"https:\/\/zsp-blaszki.pl\/podreczniki\/lo1_2025.pdf\">liceum og\u00f3lnokszta\u0142c\u0105ce\u00a0<\/a><\/li>\n<li><a href=\"https:\/\/zsp-blaszki.pl\/podreczniki\/tech1_2025.pdf\">technikum<\/a><\/li>\n<li><a href=\"https:\/\/zsp-blaszki.pl\/podreczniki\/br1_2025.pdf\">bran\u017cowa szko\u0142a I stopnia<\/a><\/li>\n<\/ul>\n<\/li>\n<\/ul>\n<\/li>\n<\/ul>\n<hr \/>\n<p><span style=\"color: #000000;\"><strong>Podr\u0119czniki klasa 2<\/strong><\/span><\/p>\n<ul>\n<li style=\"list-style-type: none;\">\n<ul>\n<li style=\"list-style-type: none;\">\u00a0<\/li>\n<\/ul>\n<\/li>\n<\/ul>\n<ul>\n<li style=\"list-style-type: none;\">\n<ul>\n<li style=\"list-style-type: none;\">\n<ul>\n<li><a href=\"https:\/\/zsp-blaszki.pl\/podreczniki\/lo2_2025.pdf\"><span style=\"color: #000000;\">liceum og\u00f3lnokszta\u0142c\u0105ce<\/span><\/a><\/li>\n<li><a href=\"https:\/\/zsp-blaszki.pl\/podreczniki\/tech2_2025.pdf\"><span style=\"color: #000000;\">technikum<\/span><\/a><\/li>\n<li><a href=\"https:\/\/zsp-blaszki.pl\/podreczniki\/br2_2025.pdf\"><span style=\"color: #000000;\">bran\u017cowa szko\u0142a I stopnia<\/span><\/a><\/li>\n<\/ul>\n<\/li>\n<\/ul>\n<\/li>\n<\/ul>\n<hr \/>\n<p><span style=\"color: #000000;\"><strong>Podr\u0119czniki klasa<\/strong><\/span><span style=\"color: #000000;\"><strong> 3<\/strong><\/span><\/p>\n<ul>\n<li style=\"list-style-type: none;\">\n<ul>\n<li style=\"list-style-type: none;\">\u00a0<\/li>\n<\/ul>\n<\/li>\n<\/ul>\n<ul>\n<li style=\"list-style-type: none;\">\n<ul>\n<li style=\"list-style-type: none;\">\n<ul>\n<li><a href=\"https:\/\/zsp-blaszki.pl\/podreczniki\/lo3_2025.pdf\"><span style=\"color: #000000;\">liceum og\u00f3lnokszta\u0142c\u0105ce<\/span><\/a><\/li>\n<li><a href=\"https:\/\/zsp-blaszki.pl\/podreczniki\/tech3_2025.pdf\">technikum<\/a><\/li>\n<li><a href=\"https:\/\/zsp-blaszki.pl\/podreczniki\/br3_2025.pdf\"><span style=\"color: #000000;\">bran\u017cowa szko\u0142a I stopnia<\/span><\/a><\/li>\n<\/ul>\n<\/li>\n<\/ul>\n<\/li>\n<\/ul>\n<hr \/>\n<p><span style=\"color: #ffffff;\"><strong><span style=\"color: #000000;\">Podr\u0119czniki klasa 4<\/span><\/strong><\/span><\/p>\n<ul>\n<li style=\"list-style-type: none;\">\n<ul>\n<li style=\"list-style-type: none;\">\n<ul>\n<li><a href=\"https:\/\/zsp-blaszki.pl\/podreczniki\/lo4_2025.pdf\"><span style=\"color: #000000;\">liceum og\u00f3lnokszta\u0142c\u0105ce<\/span><\/a><\/li>\n<li><a href=\"https:\/\/zsp-blaszki.pl\/podreczniki\/tech4_2025.pdf\">technikum<\/a><\/li>\n<\/ul>\n<\/li>\n<\/ul>\n<\/li>\n<\/ul>\n<hr \/>\n<p><span style=\"color: #000000;\"><strong>Podr\u0119czniki klasa 5<\/strong><\/span><\/p>\n<ul>\n<li style=\"list-style-type: none;\">\n<ul>\n<li style=\"list-style-type: none;\">\n<ul>\n<li>\n<p><a href=\"https:\/\/zsp-blaszki.pl\/podreczniki\/tech5_2025.pdf\"><span style=\"color: #000000;\">technikum<\/span><\/a><\/p>\n<\/li>\n<\/ul>\n<\/li>\n<\/ul>\n<\/li>\n<\/ul>\n<ul>\n<li style=\"list-style-type: none;\">\n<ul>\n<li style=\"list-style-type: none;\">\u00a0<\/li>\n<\/ul>\n<\/li>\n<\/ul>\n<ul>\n<li style=\"list-style-type: none;\">\n<ul>\n<li style=\"list-style-type: none;\">\u00a0<\/li>\n<\/ul>\n<\/li>\n<\/ul>\n\n\n<p><\/p>\n","protected":false},"excerpt":{"rendered":"<p>Lista podr\u0119cznik\u00f3w 2025\/2026 Podr\u0119czniki klasa 1 liceum og\u00f3lnokszta\u0142c\u0105ce\u00a0 technikum bran\u017cowa szko\u0142a I stopnia Podr\u0119czniki klasa 2 \u00a0 liceum og\u00f3lnokszta\u0142c\u0105ce technikum bran\u017cowa szko\u0142a I stopnia Podr\u0119czniki klasa 3 \u00a0 liceum og\u00f3lnokszta\u0142c\u0105ce technikum bran\u017cowa szko\u0142a I stopnia Podr\u0119czniki klasa 4 liceum og\u00f3lnokszta\u0142c\u0105ce technikum Podr\u0119czniki klasa 5 technikum \u00a0 \u00a0<\/p>\n","protected":false},"author":3,"featured_media":1865,"parent":0,"menu_order":0,"comment_status":"closed","ping_status":"closed","template":"","meta":{"footnotes":""},"class_list":["post-1917","page","type-page","status-publish","has-post-thumbnail","hentry"],"_links":{"self":[{"href":"https:\/\/zsp-blaszki.pl\/index.php?rest_route=\/wp\/v2\/pages\/1917","targetHints":{"allow":["GET"]}}],"collection":[{"href":"https:\/\/zsp-blaszki.pl\/index.php?rest_route=\/wp\/v2\/pages"}],"about":[{"href":"https:\/\/zsp-blaszki.pl\/index.php?rest_route=\/wp\/v2\/types\/page"}],"author":[{"embeddable":true,"href":"https:\/\/zsp-blaszki.pl\/index.php?rest_route=\/wp\/v2\/users\/3"}],"replies":[{"embeddable":true,"href":"https:\/\/zsp-blaszki.pl\/index.php?rest_route=%2Fwp%2Fv2%2Fcomments&post=1917"}],"version-history":[{"count":62,"href":"https:\/\/zsp-blaszki.pl\/index.php?rest_route=\/wp\/v2\/pages\/1917\/revisions"}],"predecessor-version":[{"id":5912,"href":"https:\/\/zsp-blaszki.pl\/index.php?rest_route=\/wp\/v2\/pages\/1917\/revisions\/5912"}],"wp:featuredmedia":[{"embeddable":true,"href":"https:\/\/zsp-blaszki.pl\/index.php?rest_route=\/wp\/v2\/media\/1865"}],"wp:attachment":[{"href":"https:\/\/zsp-blaszki.pl\/index.php?rest_route=%2Fwp%2Fv2%2Fmedia&parent=1917"}],"curies":[{"name":"wp","href":"https:\/\/api.w.org\/{rel}","templated":true}]}}