{"id":2985,"date":"2021-05-14T21:47:43","date_gmt":"2021-05-14T19:47:43","guid":{"rendered":"https:\/\/zsp-blaszki.pl\/?page_id=2985"},"modified":"2024-05-22T23:58:53","modified_gmt":"2024-05-22T21:58:53","slug":"wazne-dokumenty-dla-klasy-opw","status":"publish","type":"page","link":"https:\/\/zsp-blaszki.pl\/?page_id=2985","title":{"rendered":"Wa\u017cne dokumenty dla klasy OPW"},"content":{"rendered":"\n<p><br>REGULAMIN PR\u00d3BY SPRAWNO\u015aCI FIZYCZNEJ DLA KANDYDAT\u00d3W \u2013 ABSOLWENT\u00d3W 8-LETNIEJ SZKO\u0141Y PODSTAWOWEJ DO ODDZIA\u0141U PRZYGOTOWANIA WOJSKOWEGO W LICEUM OG\u00d3LNOKSZTA\u0141C\u0104CYM IM. WOJSKA POLSKIEGO W B\u0141ASZKACH<\/p>\n\n\n\n<p>Wymagania do pr\u00f3by sprawno\u015bci fizycznej:<\/p>\n\n\n\n<ul class=\"wp-block-list\">\n<li>Wymagania do pr\u00f3by sprawno\u015bci fizycznej dla ch\u0142opc\u00f3w<\/li>\n<\/ul>\n\n\n\n<ul class=\"wp-block-list\">\n<li>Wymagania do pr\u00f3by sprawno\u015bci fizycznej dla dziewcz\u0105t<\/li>\n<\/ul>\n\n\n\n<p><\/p>\n\n\n\n<figure class=\"wp-block-image size-full is-resized\"><img loading=\"lazy\" decoding=\"async\" width=\"225\" height=\"225\" src=\"https:\/\/zsp-blaszki.pl\/wp-content\/uploads\/2024\/05\/pobrane.jpeg\" alt=\"\" class=\"wp-image-4653\" style=\"width:36px;height:auto\" srcset=\"https:\/\/zsp-blaszki.pl\/wp-content\/uploads\/2024\/05\/pobrane.jpeg 225w, https:\/\/zsp-blaszki.pl\/wp-content\/uploads\/2024\/05\/pobrane-150x150.jpeg 150w\" sizes=\"auto, (max-width: 225px) 100vw, 225px\" \/><\/figure>\n\n\n\n<p><strong><a href=\"https:\/\/zsp-blaszki.pl\/wp-content\/uploads\/2024\/05\/OSWIADCZENIE-RODZICOW_L.pdf\">O\u015bwiadczenie rodzica\/opiekuna prawnego<\/a><\/strong><\/p>\n\n\n\n<p><strong><a href=\"https:\/\/zsp-blaszki.pl\/wp-content\/uploads\/2023\/05\/orzeczenie_lekarskie-skonwertowany2023.pdf\" target=\"_blank\" rel=\"noreferrer noopener\">Orzeczenie lekarskie o braku przeciwwskaza\u0144 zdrowotnych do nauki w Oddziale Przygotowania Wojskowego<\/a><\/strong><\/p>\n\n\n\n<h6 class=\"wp-block-heading\"><strong>REGULAMIN PR\u00d3BY SPRAWNO\u015aCI FIZYCZNEJ DLA KANDYDAT\u00d3W <\/strong><\/h6>\n\n\n\n<p><\/p>\n\n\n\n<div class=\"wp-block-pdf-viewer-block-standard\" style=\"text-align:left\"><div class=\"uploaded-pdf\"><a href=\"https:\/\/zsp-blaszki.pl\/wp-content\/uploads\/2024\/05\/REGULAMIN-PROBY-SPRAWNOSCI-FIZYCZNEJ-DLA-KANDYDATOW_L-1.pdf\" data-width=\"\" data-height=\"\"><\/a><\/div><\/div>\n\n\n\n<p><\/p>\n","protected":false},"excerpt":{"rendered":"<p>REGULAMIN PR\u00d3BY SPRAWNO\u015aCI FIZYCZNEJ DLA KANDYDAT\u00d3W \u2013 ABSOLWENT\u00d3W 8-LETNIEJ SZKO\u0141Y PODSTAWOWEJ DO ODDZIA\u0141U PRZYGOTOWANIA WOJSKOWEGO W LICEUM OG\u00d3LNOKSZTA\u0141C\u0104CYM IM. WOJSKA POLSKIEGO W B\u0141ASZKACH Wymagania do pr\u00f3by sprawno\u015bci fizycznej: O\u015bwiadczenie rodzica\/opiekuna prawnego Orzeczenie lekarskie o braku przeciwwskaza\u0144 zdrowotnych do nauki w Oddziale Przygotowania Wojskowego REGULAMIN PR\u00d3BY SPRAWNO\u015aCI FIZYCZNEJ DLA KANDYDAT\u00d3W<\/p>\n","protected":false},"author":3,"featured_media":0,"parent":0,"menu_order":0,"comment_status":"closed","ping_status":"closed","template":"","meta":{"footnotes":""},"class_list":["post-2985","page","type-page","status-publish","hentry"],"_links":{"self":[{"href":"https:\/\/zsp-blaszki.pl\/index.php?rest_route=\/wp\/v2\/pages\/2985","targetHints":{"allow":["GET"]}}],"collection":[{"href":"https:\/\/zsp-blaszki.pl\/index.php?rest_route=\/wp\/v2\/pages"}],"about":[{"href":"https:\/\/zsp-blaszki.pl\/index.php?rest_route=\/wp\/v2\/types\/page"}],"author":[{"embeddable":true,"href":"https:\/\/zsp-blaszki.pl\/index.php?rest_route=\/wp\/v2\/users\/3"}],"replies":[{"embeddable":true,"href":"https:\/\/zsp-blaszki.pl\/index.php?rest_route=%2Fwp%2Fv2%2Fcomments&post=2985"}],"version-history":[{"count":12,"href":"https:\/\/zsp-blaszki.pl\/index.php?rest_route=\/wp\/v2\/pages\/2985\/revisions"}],"predecessor-version":[{"id":4655,"href":"https:\/\/zsp-blaszki.pl\/index.php?rest_route=\/wp\/v2\/pages\/2985\/revisions\/4655"}],"wp:attachment":[{"href":"https:\/\/zsp-blaszki.pl\/index.php?rest_route=%2Fwp%2Fv2%2Fmedia&parent=2985"}],"curies":[{"name":"wp","href":"https:\/\/api.w.org\/{rel}","templated":true}]}}