{"id":3454,"date":"2022-04-01T11:05:00","date_gmt":"2022-04-01T09:05:00","guid":{"rendered":"https:\/\/zsp-blaszki.pl\/?page_id=3454"},"modified":"2023-03-24T20:11:21","modified_gmt":"2023-03-24T19:11:21","slug":"praktyki-w-grecji-uczniow-technikum","status":"publish","type":"page","link":"https:\/\/zsp-blaszki.pl\/?page_id=3454","title":{"rendered":"Praktyki w Grecji uczni\u00f3w Technikum"},"content":{"rendered":"\n<figure class=\"wp-block-image size-large\"><img loading=\"lazy\" decoding=\"async\" width=\"1024\" height=\"724\" src=\"https:\/\/zsp-blaszki.pl\/wp-content\/uploads\/2023\/03\/Ulotka_Grecja_2022-1-1024x724.png\" alt=\"\" class=\"wp-image-3943\" srcset=\"https:\/\/zsp-blaszki.pl\/wp-content\/uploads\/2023\/03\/Ulotka_Grecja_2022-1-1024x724.png 1024w, https:\/\/zsp-blaszki.pl\/wp-content\/uploads\/2023\/03\/Ulotka_Grecja_2022-1-300x212.png 300w, https:\/\/zsp-blaszki.pl\/wp-content\/uploads\/2023\/03\/Ulotka_Grecja_2022-1-768x543.png 768w, https:\/\/zsp-blaszki.pl\/wp-content\/uploads\/2023\/03\/Ulotka_Grecja_2022-1-1536x1086.png 1536w, https:\/\/zsp-blaszki.pl\/wp-content\/uploads\/2023\/03\/Ulotka_Grecja_2022-1-2048x1448.png 2048w, https:\/\/zsp-blaszki.pl\/wp-content\/uploads\/2023\/03\/Ulotka_Grecja_2022-1-150x106.png 150w, https:\/\/zsp-blaszki.pl\/wp-content\/uploads\/2023\/03\/Ulotka_Grecja_2022-1-600x424.png 600w\" sizes=\"auto, (max-width: 1024px) 100vw, 1024px\" \/><\/figure>\n\n\n\n<figure class=\"wp-block-image size-full\"><img loading=\"lazy\" decoding=\"async\" width=\"225\" height=\"44\" src=\"https:\/\/zsp-blaszki.pl\/wp-content\/uploads\/2022\/04\/unia-grecja.png\" alt=\"\" class=\"wp-image-3481\" srcset=\"https:\/\/zsp-blaszki.pl\/wp-content\/uploads\/2022\/04\/unia-grecja.png 225w, https:\/\/zsp-blaszki.pl\/wp-content\/uploads\/2022\/04\/unia-grecja-150x29.png 150w\" sizes=\"auto, (max-width: 225px) 100vw, 225px\" \/><\/figure>\n\n\n<h1 style=\"text-align: center;\"><strong>Praktyki w Grecji dla uczni\u00f3w Technikum w B\u0142aszkach<\/strong><\/h1>\n<h1 style=\"text-align: center;\"><strong>W ramach programu ERASMUS+ , Sektora- Kszta\u0142cenie i szkolenie zawodowe<\/strong><\/h1>\n<h2 style=\"text-align: center;\"><strong>Typ akcji- KA121-VET &#8211; Akredytowane projekty na rzecz mobilno\u015bci os\u00f3b ucz\u0105cych si\u0119 i kadry w sektorze kszta\u0142cenia <\/strong><\/h2>\n<h2 style=\"text-align: center;\"><strong>i szkolenia zawodowego<\/strong><\/h2>\n<h1 style=\"text-align: center;\"><strong><u>Warto\u015b\u0107 projektu-&nbsp; 64.246,00 \u20ac<\/u><\/strong><\/h1>\n<p><\/p>\n<p><strong>Cele projektu:<\/strong><\/p>\n<ol>\n<li>Podniesienie kompetencji zawodowych, j\u0119zykowych i osobistych uczni\u00f3w PZS w B\u0142aszkach poprzez umo\u017cliwienie im udzia\u0142u w transnarodowych mobilno\u015bciach edukacyjnych.<\/li>\n<li>Rozw\u00f3j i wzmocnienie kompetencji zawodowych kadry pedagogicznej i administracyjnej PZS w B\u0142aszkach poprzez udzia\u0142 w szkoleniach zawodowych w zagranicznych o\u015brodkach edukacyjnych i przedsi\u0119biorstwach.<\/li>\n<li>Wpisanie realizacji mi\u0119dzynarodowych projekt\u00f3w edukacyjnych, ze szczeg\u00f3lnym uwzgl\u0119dnieniem projekt\u00f3w mobilno\u015bci zawodowej jako sta\u0142ego elementu strategii internacjonalizacji PZS w B\u0142aszkach<\/li>\n<\/ol>\n<p>W ramach projektu, 34 uczni\u00f3w technikum ekonomicznego i informatycznego w B\u0142aszkach wraz z trzema opiekunami, w dniach 01-14.05.2022r przebywa\u0107 b\u0119dzie na praktykach zawodowych w Grecji, w miejscowo\u015bci Leptokarya. Riviera Olimpu b\u0119dzie miejscem nie tylko praktycznej nauki zawodu, ale r\u00f3wnie\u017c wypoczynku i zaj\u0119\u0107 zwi\u0105zanych z kultur\u0105 greck\u0105.<\/p>\n<p>Wyjazd poprzedzaj\u0105 dodatkowe zaj\u0119cia z j. angielskiego, z j. greckiego, kultury i geografii greckiej oraz z pedagogiem.<\/p>\n<p><strong>Praktyki zagraniczne s\u0105 sta\u0142ym elementem edukacji zawodowej uczni\u00f3w PZS w B\u0142aszkach.<\/strong><\/p>\n<p><\/p>\n<h1>Rekrutacja do projektu praktyk w Grecji<\/h1>\n<p>Zapraszamy ch\u0119tnych uczni\u00f3w z klas II \u2013 III do udzia\u0142u w projekcie: \u201e\u201d.<\/p>\n<p>Aby wzi\u0105\u0107 udzia\u0142 nale\u017cy:<br>\u2013 zapozna\u0107 si\u0119 z regulaminem rekrutacji&nbsp;<\/p>\n<p>\u2013 zapozna\u0107 si\u0119 z klauzul\u0105 RODO<\/p>\n<p>\u2013 dostarczy\u0107 osobi\u015bcie wype\u0142niony kart\u0119 zg\u0142oszenia ucznia&nbsp; do sekretariatu szko\u0142y do 08 kwietnia 2022r (formularz mo\u017cna pobra\u0107 z sekretariatu lub ze strony internetowej szko\u0142y).<\/p>\n<h1>Do pobrania:<\/h1>\n\n\n<div class=\"wp-block-pdf-viewer-block-standard\" style=\"text-align:left\"><div class=\"uploaded-pdf\"><a href=\"https:\/\/zsp-blaszki.pl\/wp-content\/uploads\/2022\/04\/Regulamin-Rekrutacji.pdf\" data-width=\"\" data-height=\"\"><\/a><\/div><\/div>\n\n\n\n<div class=\"wp-block-pdf-viewer-block-standard\" style=\"text-align:left\"><div class=\"uploaded-pdf\"><a href=\"https:\/\/zsp-blaszki.pl\/wp-content\/uploads\/2022\/04\/Karta-zgloszenia-.pdf\" data-width=\"\" data-height=\"\"><\/a><\/div><\/div>\n\n\n\n<div class=\"wp-block-pdf-viewer-block-standard\" style=\"text-align:left\"><div class=\"uploaded-pdf\"><a href=\"https:\/\/zsp-blaszki.pl\/wp-content\/uploads\/2022\/04\/Klauzula-RODO-.pdf\" data-width=\"\" data-height=\"\"><\/a><\/div><\/div>\n\n\n\n<figure class=\"wp-block-embed aligncenter is-type-wp-embed is-provider-powiatowy-zespol-szkol-w-blaszkach wp-block-embed-powiatowy-zespol-szkol-w-blaszkach\"><div class=\"wp-block-embed__wrapper\">\n<blockquote class=\"wp-embedded-content\" data-secret=\"dCPRNO8Gg8\"><a href=\"https:\/\/zsp-blaszki.pl\/?p=3590&#038;lang=pl\">Greckie praktyki zawodowe u podn\u00f3\u017ca Olimpu<\/a><\/blockquote><iframe loading=\"lazy\" class=\"wp-embedded-content\" sandbox=\"allow-scripts\" security=\"restricted\" style=\"position: absolute; clip: rect(1px, 1px, 1px, 1px);\" title=\"&#8222;Greckie praktyki zawodowe u podn\u00f3\u017ca Olimpu&#8221; &#8212; Powiatowy Zesp\u00f3l Szk\u00f3\u0142 w B\u0142aszkach\" src=\"https:\/\/zsp-blaszki.pl\/?p=3590&#038;lang=pl&#038;embed=true#?secret=yOhmSA6cl1#?secret=dCPRNO8Gg8\" data-secret=\"dCPRNO8Gg8\" width=\"500\" height=\"282\" frameborder=\"0\" marginwidth=\"0\" marginheight=\"0\" scrolling=\"no\"><\/iframe>\n<\/div><\/figure>\n","protected":false},"excerpt":{"rendered":"<p>Praktyki w Grecji dla uczni\u00f3w Technikum w B\u0142aszkach W ramach programu ERASMUS+ , Sektora- Kszta\u0142cenie i szkolenie zawodowe Typ akcji- KA121-VET &#8211; Akredytowane projekty na rzecz mobilno\u015bci os\u00f3b ucz\u0105cych si\u0119 i kadry w sektorze kszta\u0142cenia i szkolenia zawodowego Warto\u015b\u0107 projektu-&nbsp; 64.246,00 \u20ac Cele projektu: Podniesienie kompetencji zawodowych, j\u0119zykowych i osobistych uczni\u00f3w PZS w B\u0142aszkach poprzez&#8230;<\/p>\n","protected":false},"author":3,"featured_media":0,"parent":0,"menu_order":0,"comment_status":"closed","ping_status":"closed","template":"","meta":{"footnotes":""},"class_list":["post-3454","page","type-page","status-publish","hentry"],"_links":{"self":[{"href":"https:\/\/zsp-blaszki.pl\/index.php?rest_route=\/wp\/v2\/pages\/3454","targetHints":{"allow":["GET"]}}],"collection":[{"href":"https:\/\/zsp-blaszki.pl\/index.php?rest_route=\/wp\/v2\/pages"}],"about":[{"href":"https:\/\/zsp-blaszki.pl\/index.php?rest_route=\/wp\/v2\/types\/page"}],"author":[{"embeddable":true,"href":"https:\/\/zsp-blaszki.pl\/index.php?rest_route=\/wp\/v2\/users\/3"}],"replies":[{"embeddable":true,"href":"https:\/\/zsp-blaszki.pl\/index.php?rest_route=%2Fwp%2Fv2%2Fcomments&post=3454"}],"version-history":[{"count":16,"href":"https:\/\/zsp-blaszki.pl\/index.php?rest_route=\/wp\/v2\/pages\/3454\/revisions"}],"predecessor-version":[{"id":3946,"href":"https:\/\/zsp-blaszki.pl\/index.php?rest_route=\/wp\/v2\/pages\/3454\/revisions\/3946"}],"wp:attachment":[{"href":"https:\/\/zsp-blaszki.pl\/index.php?rest_route=%2Fwp%2Fv2%2Fmedia&parent=3454"}],"curies":[{"name":"wp","href":"https:\/\/api.w.org\/{rel}","templated":true}]}}