{"id":3648,"date":"2022-07-07T18:03:47","date_gmt":"2022-07-07T16:03:47","guid":{"rendered":"https:\/\/zsp-blaszki.pl\/?page_id=3648"},"modified":"2022-08-02T00:15:39","modified_gmt":"2022-08-01T22:15:39","slug":"harmonogram","status":"publish","type":"page","link":"https:\/\/zsp-blaszki.pl\/?page_id=3648","title":{"rendered":"Harmonogram"},"content":{"rendered":"\n<p>Harmonogram<\/p>\n\n\n\n<p>uczniowie<\/p>\n\n\n\n<ul class=\"wp-block-list\"><li><strong><a href=\"https:\/\/zsp-blaszki.pl\/wp-content\/uploads\/2022\/07\/Harmonogram-kwiecien.pdf\">kwiecie\u0144 2022 <\/a><\/strong><\/li><li><strong><a href=\"https:\/\/zsp-blaszki.pl\/wp-content\/uploads\/2022\/07\/Harmonogram-czerwiec.pdf\">czerwiec 2022<\/a><\/strong><\/li><li><strong><a href=\"https:\/\/zsp-blaszki.pl\/wp-content\/uploads\/2022\/07\/Harmonogram-lipiec.pdf\">lipiec 2022<\/a><\/strong><\/li><li><strong><a href=\"https:\/\/zsp-blaszki.pl\/wp-content\/uploads\/2022\/07\/Harmonogram-sierpien.pdf\">sierpie\u0144 2022<\/a><\/strong><\/li><li><strong><a href=\"https:\/\/zsp-blaszki.pl\/wp-content\/uploads\/2022\/07\/Harmonogram-wrzesien.pdf\">wrzesie\u0144 2022<\/a><\/strong><\/li><\/ul>\n\n\n\n<p><\/p>\n\n\n\n<p>nauczyciele<\/p>\n\n\n\n<p><strong><a href=\"http:\/\/Doskonalenie umiej\u0119tno\u015bci i kompetencji zawodowych nauczycieli\">Doskonalenie umiej\u0119tno\u015bci i kompetencji zawodowych nauczycieli<\/a><\/strong><\/p>\n","protected":false},"excerpt":{"rendered":"<p>Harmonogram uczniowie kwiecie\u0144 2022 czerwiec 2022 lipiec 2022 sierpie\u0144 2022 wrzesie\u0144 2022 nauczyciele Doskonalenie umiej\u0119tno\u015bci i kompetencji zawodowych nauczycieli<\/p>\n","protected":false},"author":9,"featured_media":0,"parent":0,"menu_order":0,"comment_status":"closed","ping_status":"closed","template":"","meta":{"footnotes":""},"class_list":["post-3648","page","type-page","status-publish","hentry"],"_links":{"self":[{"href":"https:\/\/zsp-blaszki.pl\/index.php?rest_route=\/wp\/v2\/pages\/3648","targetHints":{"allow":["GET"]}}],"collection":[{"href":"https:\/\/zsp-blaszki.pl\/index.php?rest_route=\/wp\/v2\/pages"}],"about":[{"href":"https:\/\/zsp-blaszki.pl\/index.php?rest_route=\/wp\/v2\/types\/page"}],"author":[{"embeddable":true,"href":"https:\/\/zsp-blaszki.pl\/index.php?rest_route=\/wp\/v2\/users\/9"}],"replies":[{"embeddable":true,"href":"https:\/\/zsp-blaszki.pl\/index.php?rest_route=%2Fwp%2Fv2%2Fcomments&post=3648"}],"version-history":[{"count":12,"href":"https:\/\/zsp-blaszki.pl\/index.php?rest_route=\/wp\/v2\/pages\/3648\/revisions"}],"predecessor-version":[{"id":3716,"href":"https:\/\/zsp-blaszki.pl\/index.php?rest_route=\/wp\/v2\/pages\/3648\/revisions\/3716"}],"wp:attachment":[{"href":"https:\/\/zsp-blaszki.pl\/index.php?rest_route=%2Fwp%2Fv2%2Fmedia&parent=3648"}],"curies":[{"name":"wp","href":"https:\/\/api.w.org\/{rel}","templated":true}]}}