{"id":4873,"date":"2024-09-18T09:38:57","date_gmt":"2024-09-18T07:38:57","guid":{"rendered":"https:\/\/zsp-blaszki.pl\/?page_id=4873"},"modified":"2024-09-18T10:07:58","modified_gmt":"2024-09-18T08:07:58","slug":"aktualizacja-konta-rodzica-i-lub-ucznia","status":"publish","type":"page","link":"https:\/\/zsp-blaszki.pl\/?page_id=4873","title":{"rendered":"Aktualizacja konta Rodzica i\/lub Ucznia"},"content":{"rendered":"\n<p><strong><mark style=\"background-color:rgba(0, 0, 0, 0)\" class=\"has-inline-color has-vivid-green-cyan-color\">aby wygenerowa\u0107 jednorazowy kod dost\u0119pu skontaktuj si\u0119 z Wychowawc\u0105 Oddzia\u0142u<\/mark><\/strong><\/p>\n\n\n<h2 class=\"section-title\">Zmiana sposobu logowania dla Rodzic\u00f3w oraz Uczni\u00f3w<i class=\"vulcan-chevron-up\"><\/i><\/h2>\n<div class=\"accordion-panel is-animated is-expanded\">\n<p>Informujemy, \u017ce od dnia 19 sierpnia 2024 r. zmieni\u0142 si\u0119 spos\u00f3b logowania do Dziennika VULCAN przez Rodzic\u00f3w oraz Uczni\u00f3w.<br \/>Dotychczasowi u\u017cytkownicy Dziennika b\u0119d\u0105 mogli zaktualizowa\u0107 identyfikator rozpoczynaj\u0105c proces aktualizacji z wykorzystaniem dotychczasowego identyfikatora oraz has\u0142a. Nowi u\u017cytkownicy b\u0119d\u0105 mogli nada\u0107 sobie dost\u0119p wykorzystuj\u0105c kartki z kodami jednorazowymi przekazanymi przez szko\u0142\u0119.<\/p>\n<p>Wi\u0119cej informacji znajdziesz pod adresem:\u00a0<a href=\"https:\/\/dziennik.vulcan.edu.pl\/akz\/\" target=\"_blank\" rel=\"noopener\">dziennik.vulcan.edu.pl\/akz<\/a><\/p>\n<\/div>\n<h2 class=\"mb-5 position-relative text-black\"><span style=\"color: #ff0000;\">Aktualizacja konta przy pomocy strony www:<\/span><\/h2>\n<ol class=\"v-style\">\n<li>Wejd\u017a na dotychczasow\u0105 stron\u0119 logowania do Dziennika VULCAN.<\/li>\n<li>Wybierz opcj\u0119 &#8222;Logowanie przed zmian\u0105\u201d.<\/li>\n<li>Zaloguj si\u0119 dotychczasowym loginem i has\u0142em.<\/li>\n<li>Potwierd\u017a dane swoich Dzieci podaj\u0105c 4 ostatnie cyfry ich numer\u00f3w PESEL.<\/li>\n<li>Wybierz typ konta, z pomoc\u0105 kt\u00f3rego b\u0119dziesz odt\u0105d korzysta\u0107 z Dziennika VULCAN:\n<ul>\n<li>po wybraniu konta eduVULCAN &#8211; kliknij opcj\u0119 \u201eUtw\u00f3rz konto\u201d,<\/li>\n<li>po wybraniu zwyk\u0142ego konta &#8211; zapisz dane logowania.<\/li>\n<\/ul>\n<\/li>\n<\/ol>\n<h2 class=\"mb-5 position-relative text-black\"><span style=\"color: #ff0000;\">Aktualizacja konta przy pomocy aplikacji mobilnej Dzienniczek VULCAN:<\/span><\/h2>\n<p class=\"fw-bold\"><span style=\"color: #ff0000;\"><em>UWAGA: Za pomoc\u0105 aplikacji mobilnej Dzienniczek VULCAN mo\u017cliwe jest wybranie wy\u0142\u0105cznie konta eduVULCAN.<\/em><\/span><\/p>\n<ol class=\"v-style\">\n<li>Uruchom aplikacj\u0119 mobiln\u0105 Dzienniczek VULCAN.<\/li>\n<li>Rozpocznij proces aktualizacji, klikaj\u0105c \u201ePrzejd\u017a dalej\u201d.<\/li>\n<li>Wybierz typ konta:\n<ul>\n<li>po wybraniu konta eduVULCAN kliknij \u201eUtw\u00f3rz konto\u201d i uzupe\u0142nij dane, a nast\u0119pnie pobierz i zainstaluj now\u0105 aplikacj\u0119 mobiln\u0105 eduVULCAN.<\/li>\n<li>wybieraj\u0105c konto zwyk\u0142e rezygnujesz z dost\u0119pu do aplikacji mobilnej. Zamknij aplikacj\u0119 i zaloguj si\u0119 do Dziennika VULCAN przez przegl\u0105dark\u0119, korzystaj\u0105c z dotychczasowej strony logowania. Nast\u0119pnie, kreator przeprowadzi Ci\u0119 przez proces wyboru i utworzenia zwyk\u0142ego konta.<\/li>\n<\/ul>\n<\/li>\n<\/ol>\n<h2>Filmy instrukta\u017cowe<\/h2>\n<p>Dowiedz si\u0119, jak zaktualizowa\u0107 konto Rodzica i\/lub Ucznia, obejrzyj poni\u017csze filmy instrukta\u017cowe:<\/p>\n<p><a href=\"https:\/\/www.youtube.com\/watch?v=x6ZWQJ-7WwU\" target=\"_blank\" rel=\"noopener\">Aktualizacja konta Rodzica &gt;<span class=\"hide-wcag\">(Nowe okno)<\/span><span class=\"hide-wcag\">(Link do innej strony)<\/span><\/a><\/p>\n<p><a href=\"https:\/\/www.youtube.com\/watch?v=no79pf8x8Tg\" target=\"_blank\" rel=\"noopener\">Aktualizacja konta Ucznia\u00a0<strong>powy\u017cej<\/strong>\u00a013 lat &gt;<span class=\"hide-wcag\">(Nowe okno)<\/span><span class=\"hide-wcag\">(Link do innej strony)<\/span><\/a><\/p>\n<p><a href=\"https:\/\/www.youtube.com\/watch?v=72KTNEidjBM\" target=\"_blank\" rel=\"noopener\">Aktualizacja konta w aplikacji mobilnej &gt;<\/a><\/p>\n\n\n<p><\/p>\n\n\n\n<p><\/p>\n","protected":false},"excerpt":{"rendered":"<p>aby wygenerowa\u0107 jednorazowy kod dost\u0119pu skontaktuj si\u0119 z Wychowawc\u0105 Oddzia\u0142u Zmiana sposobu logowania dla Rodzic\u00f3w oraz Uczni\u00f3w Informujemy, \u017ce od dnia 19 sierpnia 2024 r. zmieni\u0142 si\u0119 spos\u00f3b logowania do Dziennika VULCAN przez Rodzic\u00f3w oraz Uczni\u00f3w.Dotychczasowi u\u017cytkownicy Dziennika b\u0119d\u0105 mogli zaktualizowa\u0107 identyfikator rozpoczynaj\u0105c proces aktualizacji z wykorzystaniem dotychczasowego identyfikatora oraz has\u0142a. Nowi u\u017cytkownicy b\u0119d\u0105 mogli&#8230;<\/p>\n","protected":false},"author":9,"featured_media":0,"parent":0,"menu_order":0,"comment_status":"closed","ping_status":"closed","template":"","meta":{"footnotes":""},"class_list":["post-4873","page","type-page","status-publish","hentry"],"_links":{"self":[{"href":"https:\/\/zsp-blaszki.pl\/index.php?rest_route=\/wp\/v2\/pages\/4873","targetHints":{"allow":["GET"]}}],"collection":[{"href":"https:\/\/zsp-blaszki.pl\/index.php?rest_route=\/wp\/v2\/pages"}],"about":[{"href":"https:\/\/zsp-blaszki.pl\/index.php?rest_route=\/wp\/v2\/types\/page"}],"author":[{"embeddable":true,"href":"https:\/\/zsp-blaszki.pl\/index.php?rest_route=\/wp\/v2\/users\/9"}],"replies":[{"embeddable":true,"href":"https:\/\/zsp-blaszki.pl\/index.php?rest_route=%2Fwp%2Fv2%2Fcomments&post=4873"}],"version-history":[{"count":4,"href":"https:\/\/zsp-blaszki.pl\/index.php?rest_route=\/wp\/v2\/pages\/4873\/revisions"}],"predecessor-version":[{"id":4881,"href":"https:\/\/zsp-blaszki.pl\/index.php?rest_route=\/wp\/v2\/pages\/4873\/revisions\/4881"}],"wp:attachment":[{"href":"https:\/\/zsp-blaszki.pl\/index.php?rest_route=%2Fwp%2Fv2%2Fmedia&parent=4873"}],"curies":[{"name":"wp","href":"https:\/\/api.w.org\/{rel}","templated":true}]}}