{"id":4925,"date":"2024-10-02T11:05:20","date_gmt":"2024-10-02T09:05:20","guid":{"rendered":"https:\/\/zsp-blaszki.pl\/?page_id=4925"},"modified":"2024-10-09T10:18:24","modified_gmt":"2024-10-09T08:18:24","slug":"dokumenty-do-pobrania","status":"publish","type":"page","link":"https:\/\/zsp-blaszki.pl\/?page_id=4925","title":{"rendered":"Dokumenty do pobrania"},"content":{"rendered":"\n<p class=\"has-large-font-size\"><strong>Dokumenty do pobrania<\/strong>:<\/p>\n\n\n\n<p class=\"has-medium-font-size\"><a href=\"http:\/\/zsp-blaszki.pl\/dokumenty_do_pobrania\/Opinia lekarska   wydawana  do zwolnienia z zajec wychowania fizycznego.pdf\">Opinia lekarska wydawana do zwolnienia z zaj\u0119\u0107 wychowania fizycznego<\/a><\/p>\n\n\n\n<p class=\"has-medium-font-size\"><a href=\"http:\/\/zsp-blaszki.pl\/dokumenty_do_pobrania\/Wniosek o wydanie duplikatu swiadectwa.pdf\">Wniosek o wydanie duplikatu \u015bwiadectwa<\/a><\/p>\n\n\n\n<p class=\"has-medium-font-size\"><a href=\"https:\/\/zsp-blaszki.pl\/wp-content\/uploads\/2024\/10\/Klauzula-Informacyjna_Blaszki_Strona_Int_Szkola_ver.071024-2.pdf\">Klauzula Informacyjna<\/a><\/p>\n\n\n\n<p><\/p>\n","protected":false},"excerpt":{"rendered":"<p>Dokumenty do pobrania: Opinia lekarska wydawana do zwolnienia z zaj\u0119\u0107 wychowania fizycznego Wniosek o wydanie duplikatu \u015bwiadectwa Klauzula Informacyjna<\/p>\n","protected":false},"author":9,"featured_media":0,"parent":0,"menu_order":0,"comment_status":"closed","ping_status":"closed","template":"","meta":{"footnotes":""},"class_list":["post-4925","page","type-page","status-publish","hentry"],"_links":{"self":[{"href":"https:\/\/zsp-blaszki.pl\/index.php?rest_route=\/wp\/v2\/pages\/4925","targetHints":{"allow":["GET"]}}],"collection":[{"href":"https:\/\/zsp-blaszki.pl\/index.php?rest_route=\/wp\/v2\/pages"}],"about":[{"href":"https:\/\/zsp-blaszki.pl\/index.php?rest_route=\/wp\/v2\/types\/page"}],"author":[{"embeddable":true,"href":"https:\/\/zsp-blaszki.pl\/index.php?rest_route=\/wp\/v2\/users\/9"}],"replies":[{"embeddable":true,"href":"https:\/\/zsp-blaszki.pl\/index.php?rest_route=%2Fwp%2Fv2%2Fcomments&post=4925"}],"version-history":[{"count":11,"href":"https:\/\/zsp-blaszki.pl\/index.php?rest_route=\/wp\/v2\/pages\/4925\/revisions"}],"predecessor-version":[{"id":5018,"href":"https:\/\/zsp-blaszki.pl\/index.php?rest_route=\/wp\/v2\/pages\/4925\/revisions\/5018"}],"wp:attachment":[{"href":"https:\/\/zsp-blaszki.pl\/index.php?rest_route=%2Fwp%2Fv2%2Fmedia&parent=4925"}],"curies":[{"name":"wp","href":"https:\/\/api.w.org\/{rel}","templated":true}]}}