{"id":5186,"date":"2024-12-25T14:26:44","date_gmt":"2024-12-25T13:26:44","guid":{"rendered":"https:\/\/zsp-blaszki.pl\/?page_id=5186"},"modified":"2024-12-25T14:50:55","modified_gmt":"2024-12-25T13:50:55","slug":"dokumenty-do-pobrania-2","status":"publish","type":"page","link":"https:\/\/zsp-blaszki.pl\/?page_id=5186","title":{"rendered":"dokumenty do pobrania"},"content":{"rendered":"<p><a href=\"http:\/\/zsp-blaszki.pl\/dokumenty_do_pobrania\/\/projekty\/unijne\/rekrutacyjne\/regulamin.pdf\"><strong>REGULAMIN PROJEKTU Z ZASADAMI REKRUTACJI<\/strong><\/a><\/p>\n<p><a href=\"http:\/\/zsp-blaszki.pl\/dokumenty_do_pobrania\/\/projekty\/unijne\/rekrutacyjne\/formularz_uczen.pdf\"><strong>FORMULARZ ZG\u0141OSZENIA UCZNIA <\/strong><\/a><\/p>\n<p><a href=\"http:\/\/zsp-blaszki.pl\/dokumenty_do_pobrania\/\/projekty\/unijne\/rekrutacyjne\/zalacznik_6_umowy.pdf\">Za\u0142\u0105cznik nr 6 do umowy : <strong>Wz\u00f3r klauzuli informacyjnej RODO dla uczestnika indywidualnego projektu <\/strong><\/a><\/p>\n\n\n<figure class=\"wp-block-image size-full is-resized\"><img loading=\"lazy\" decoding=\"async\" width=\"604\" height=\"64\" src=\"https:\/\/zsp-blaszki.pl\/wp-content\/uploads\/2024\/12\/Bez-tytulu.jpg\" alt=\"\" class=\"wp-image-5171\" style=\"width:722px;height:auto\" srcset=\"https:\/\/zsp-blaszki.pl\/wp-content\/uploads\/2024\/12\/Bez-tytulu.jpg 604w, https:\/\/zsp-blaszki.pl\/wp-content\/uploads\/2024\/12\/Bez-tytulu-300x32.jpg 300w, https:\/\/zsp-blaszki.pl\/wp-content\/uploads\/2024\/12\/Bez-tytulu-150x16.jpg 150w, https:\/\/zsp-blaszki.pl\/wp-content\/uploads\/2024\/12\/Bez-tytulu-600x64.jpg 600w\" sizes=\"auto, (max-width: 604px) 100vw, 604px\" \/><\/figure>\n\n\n\n<p><\/p>\n","protected":false},"excerpt":{"rendered":"<p>REGULAMIN PROJEKTU Z ZASADAMI REKRUTACJI FORMULARZ ZG\u0141OSZENIA UCZNIA Za\u0142\u0105cznik nr 6 do umowy : Wz\u00f3r klauzuli informacyjnej RODO dla uczestnika indywidualnego projektu<\/p>\n","protected":false},"author":24784,"featured_media":0,"parent":0,"menu_order":0,"comment_status":"closed","ping_status":"closed","template":"","meta":{"footnotes":""},"class_list":["post-5186","page","type-page","status-publish","hentry"],"_links":{"self":[{"href":"https:\/\/zsp-blaszki.pl\/index.php?rest_route=\/wp\/v2\/pages\/5186","targetHints":{"allow":["GET"]}}],"collection":[{"href":"https:\/\/zsp-blaszki.pl\/index.php?rest_route=\/wp\/v2\/pages"}],"about":[{"href":"https:\/\/zsp-blaszki.pl\/index.php?rest_route=\/wp\/v2\/types\/page"}],"author":[{"embeddable":true,"href":"https:\/\/zsp-blaszki.pl\/index.php?rest_route=\/wp\/v2\/users\/24784"}],"replies":[{"embeddable":true,"href":"https:\/\/zsp-blaszki.pl\/index.php?rest_route=%2Fwp%2Fv2%2Fcomments&post=5186"}],"version-history":[{"count":4,"href":"https:\/\/zsp-blaszki.pl\/index.php?rest_route=\/wp\/v2\/pages\/5186\/revisions"}],"predecessor-version":[{"id":5193,"href":"https:\/\/zsp-blaszki.pl\/index.php?rest_route=\/wp\/v2\/pages\/5186\/revisions\/5193"}],"wp:attachment":[{"href":"https:\/\/zsp-blaszki.pl\/index.php?rest_route=%2Fwp%2Fv2%2Fmedia&parent=5186"}],"curies":[{"name":"wp","href":"https:\/\/api.w.org\/{rel}","templated":true}]}}