{"id":6582,"date":"2026-04-23T12:20:50","date_gmt":"2026-04-23T10:20:50","guid":{"rendered":"https:\/\/zsp-blaszki.pl\/?page_id=6582"},"modified":"2026-04-23T12:27:54","modified_gmt":"2026-04-23T10:27:54","slug":"dostepnosc","status":"publish","type":"page","link":"https:\/\/zsp-blaszki.pl\/?page_id=6582","title":{"rendered":"Dost\u0119pno\u015b\u0107"},"content":{"rendered":"\n<div class=\"wp-block-pdf-viewer-block-standard\" style=\"text-align:left\"><div class=\"uploaded-pdf\"><a href=\"https:\/\/zsp-blaszki.pl\/wp-content\/uploads\/2026\/04\/Deklaracja-dostepnosci.pdf\" data-width=\"\" data-height=\"\"><\/a><\/div><\/div>\n\n\n\n<div class=\"wp-block-pdf-viewer-block-standard\" style=\"text-align:left\"><div class=\"uploaded-pdf\"><a href=\"https:\/\/zsp-blaszki.pl\/wp-content\/uploads\/2026\/04\/PZS-BLASZKI-Plan-dzialania-dostepnosc-2026.pdf\" data-width=\"\" data-height=\"\"><\/a><\/div><\/div>\n\n\n\n<div class=\"wp-block-pdf-viewer-block-standard\" style=\"text-align:left\"><div class=\"uploaded-pdf\"><a href=\"https:\/\/zsp-blaszki.pl\/wp-content\/uploads\/2026\/04\/wniosek_o_bezplatnej_obsludze_osoby_uprawnionej_przez_tlumacza_jezyka_migowego_.pdf\" data-width=\"\" data-height=\"\"><\/a><\/div><\/div>\n\n\n\n<div class=\"wp-block-pdf-viewer-block-standard\" style=\"text-align:left\"><div class=\"uploaded-pdf\"><a href=\"https:\/\/zsp-blaszki.pl\/wp-content\/uploads\/2026\/04\/wniosek-dostepnosc-cyfrowa-ver.-290425.pdf\" data-width=\"\" data-height=\"\"><\/a><\/div><\/div>\n\n\n\n<div class=\"wp-block-pdf-viewer-block-standard\" style=\"text-align:left\"><div class=\"uploaded-pdf\"><a href=\"https:\/\/zsp-blaszki.pl\/wp-content\/uploads\/2026\/04\/wniosek-architektoniczny-komunikacyjny-ver.-290425.pdf\" data-width=\"\" data-height=\"\"><\/a><\/div><\/div>\n","protected":false},"excerpt":{"rendered":"","protected":false},"author":24791,"featured_media":0,"parent":0,"menu_order":0,"comment_status":"closed","ping_status":"closed","template":"","meta":{"footnotes":""},"class_list":["post-6582","page","type-page","status-publish","hentry"],"_links":{"self":[{"href":"https:\/\/zsp-blaszki.pl\/index.php?rest_route=\/wp\/v2\/pages\/6582","targetHints":{"allow":["GET"]}}],"collection":[{"href":"https:\/\/zsp-blaszki.pl\/index.php?rest_route=\/wp\/v2\/pages"}],"about":[{"href":"https:\/\/zsp-blaszki.pl\/index.php?rest_route=\/wp\/v2\/types\/page"}],"author":[{"embeddable":true,"href":"https:\/\/zsp-blaszki.pl\/index.php?rest_route=\/wp\/v2\/users\/24791"}],"replies":[{"embeddable":true,"href":"https:\/\/zsp-blaszki.pl\/index.php?rest_route=%2Fwp%2Fv2%2Fcomments&post=6582"}],"version-history":[{"count":2,"href":"https:\/\/zsp-blaszki.pl\/index.php?rest_route=\/wp\/v2\/pages\/6582\/revisions"}],"predecessor-version":[{"id":6592,"href":"https:\/\/zsp-blaszki.pl\/index.php?rest_route=\/wp\/v2\/pages\/6582\/revisions\/6592"}],"wp:attachment":[{"href":"https:\/\/zsp-blaszki.pl\/index.php?rest_route=%2Fwp%2Fv2%2Fmedia&parent=6582"}],"curies":[{"name":"wp","href":"https:\/\/api.w.org\/{rel}","templated":true}]}}