{"id":6641,"date":"2026-05-13T16:12:14","date_gmt":"2026-05-13T14:12:14","guid":{"rendered":"https:\/\/zsp-blaszki.pl\/?page_id=6641"},"modified":"2026-05-13T19:26:59","modified_gmt":"2026-05-13T17:26:59","slug":"o-projekcie","status":"publish","type":"page","link":"https:\/\/zsp-blaszki.pl\/?page_id=6641","title":{"rendered":"O projekcie"},"content":{"rendered":"\n<p><strong>Projekt \u201eKariera bez barier\u201d w PZS w B\u0142aszkach<\/strong><\/p>\n\n\n\n<p>Od listopada 2025r. realizowany jest w technikum w B\u0142aszkach projekt \u201eKariera bez barier\u201d, w ramach pilota\u017cowego programu przygotowuj\u0105cego uczni\u00f3w do funkcjonowania na rynku pracy.<\/p>\n\n\n\n<p>Cele programu to min. wspieranie uczni\u00f3w, w tym os\u00f3b ze zr\u00f3\u017cnicowanymi potrzebami edukacyjnymi i &nbsp;niepe\u0142nosprawno\u015bciami w rozwijaniu ich mocnych stron, zwi\u0119kszenie kompetencji nauczycieli w zakresie doradztwa zawodowego, rozwijanie wsp\u00f3\u0142pracy z rodzicami i pracodawcami w przygotowaniu uczni\u00f3w do wej\u015bcia na rynek pracy.<\/p>\n\n\n\n<p>W ramach projektu \u201eKariera bez barier\u201d uczniowie wezm\u0105 udzia\u0142 w zaj\u0119ciach z doradztwa zawodowego, dw\u00f3ch projektach uczniowskich, dw\u00f3ch innowacjach pedagogicznych, dzia\u0142aniach we wsp\u00f3\u0142pracy z rodzicami i pracodawcami; nauczyciele PZS w B\u0142aszkach &#8211; w szkoleniach i warsztatach prowadzonych przez Operator\u00f3w Wsparcia szk\u00f3\u0142 oraz ekspert\u00f3w Instytutu Bada\u0144 Edukacyjnych &#8211; Pa\u0144stwowego Instytutu Badawczego tworz\u0105cych zesp\u00f3\u0142 projektu \u201eKariera bez barier\u201d.<\/p>\n\n\n\n<p>Podstaw\u0119 realizacji programu stanowi Metoda Bilansu Kompetencji opracowana przez Instytut na podstawie Modelu kompetencji i umiej\u0119tno\u015bci uczni\u00f3w dla tranzycji na rynek pracy.<\/p>\n\n\n\n<p>Termin realizacji projektu w naszej szkole: listopad 2025r. \u2013 czerwiec 2026r.<\/p>\n","protected":false},"excerpt":{"rendered":"<p>Projekt \u201eKariera bez barier\u201d w PZS w B\u0142aszkach Od listopada 2025r. realizowany jest w technikum w B\u0142aszkach projekt \u201eKariera bez barier\u201d, w ramach pilota\u017cowego programu przygotowuj\u0105cego uczni\u00f3w do funkcjonowania na rynku pracy. Cele programu to min. wspieranie uczni\u00f3w, w tym os\u00f3b ze zr\u00f3\u017cnicowanymi potrzebami edukacyjnymi i &nbsp;niepe\u0142nosprawno\u015bciami w rozwijaniu ich mocnych stron, zwi\u0119kszenie kompetencji nauczycieli&#8230;<\/p>\n","protected":false},"author":24791,"featured_media":0,"parent":0,"menu_order":0,"comment_status":"closed","ping_status":"closed","template":"","meta":{"footnotes":""},"class_list":["post-6641","page","type-page","status-publish","hentry"],"_links":{"self":[{"href":"https:\/\/zsp-blaszki.pl\/index.php?rest_route=\/wp\/v2\/pages\/6641","targetHints":{"allow":["GET"]}}],"collection":[{"href":"https:\/\/zsp-blaszki.pl\/index.php?rest_route=\/wp\/v2\/pages"}],"about":[{"href":"https:\/\/zsp-blaszki.pl\/index.php?rest_route=\/wp\/v2\/types\/page"}],"author":[{"embeddable":true,"href":"https:\/\/zsp-blaszki.pl\/index.php?rest_route=\/wp\/v2\/users\/24791"}],"replies":[{"embeddable":true,"href":"https:\/\/zsp-blaszki.pl\/index.php?rest_route=%2Fwp%2Fv2%2Fcomments&post=6641"}],"version-history":[{"count":3,"href":"https:\/\/zsp-blaszki.pl\/index.php?rest_route=\/wp\/v2\/pages\/6641\/revisions"}],"predecessor-version":[{"id":6679,"href":"https:\/\/zsp-blaszki.pl\/index.php?rest_route=\/wp\/v2\/pages\/6641\/revisions\/6679"}],"wp:attachment":[{"href":"https:\/\/zsp-blaszki.pl\/index.php?rest_route=%2Fwp%2Fv2%2Fmedia&parent=6641"}],"curies":[{"name":"wp","href":"https:\/\/api.w.org\/{rel}","templated":true}]}}