{"id":6646,"date":"2026-05-13T16:14:41","date_gmt":"2026-05-13T14:14:41","guid":{"rendered":"https:\/\/zsp-blaszki.pl\/?page_id=6646"},"modified":"2026-05-14T08:49:27","modified_gmt":"2026-05-14T06:49:27","slug":"projekty-2","status":"publish","type":"page","link":"https:\/\/zsp-blaszki.pl\/?page_id=6646","title":{"rendered":"Projekty"},"content":{"rendered":"\n<p><strong>Projekt nr 1: \u201e\u015awi\u0105teczne inspiracje\u201d w Powiatowym Zespole Szk\u00f3\u0142 w B\u0142aszkach<\/strong><\/p>\n\n\n\n<p>W listopadzie i grudniu 2025 roku uczniowie technikum zaanga\u017cowani w projekt \u201eKariera bez barier\u201d realizowali zadania zwi\u0105zane z projektem uczniowskim \u201e\u015awi\u0105teczne inspiracje\u201d.<\/p>\n\n\n\n<p>Podczas diagnozy ustalono, \u017ce istnieje potrzeba cz\u0119stszych kontakt\u00f3w z rodzicami. Nie musz\u0105 one mie\u0107 charakteru formalnego. Projekt mia\u0142 na celu wzmocni\u0107 wsp\u00f3\u0142prac\u0119 pomi\u0119dzy dzie\u0107mi i rodzicami, rozwija\u0107 ich talenty, integrowa\u0107 \u015brodowisko szkolne oraz tworzy\u0107 przestrze\u0144 do odkrywania i prezentowania mocnych stron uczni\u00f3w.<\/p>\n\n\n\n<p>W dniu 4 grudnia odby\u0142o si\u0119 wsp\u00f3lne kol\u0119dowanie oraz dekorowanie szkolnej choinki. Udzia\u0142 wzi\u0119li uczniowie zaanga\u017cowani w projekt, inni uczniowie naszej szko\u0142y oraz rodzice i zaproszeni go\u015bcie. Spotkanie poprzedzone zosta\u0142o warsztatami \u201d\u015awi\u0105teczne inspiracje\u201d podczas, kt\u00f3rych uczniowie pod kierunkiem pani Magdaleny Owczarek w\u0142a\u015bcicielki Kolorowej Rabatki, lokalnej kwiaciarni przygotowali stroiki i ozdoby \u015bwi\u0105teczne.<\/p>\n\n\n\n<p>Wykonuj\u0105c zadania projektowe uczniowie mogli pozna\u0107 swoje mocne strony, wykaza\u0107 si\u0119 odpowiedzialno\u015bci\u0105 i systematyczno\u015bci\u0105. Przygotowanie wydarzenia wymaga\u0142o niejednokrotnie opuszczenia strefy komfortu, podejmowania samodzielnych decyzji i prze\u0142amania w\u0142asnych barier, na przyk\u0142ad podczas autoprezentacji. Wa\u017cnym elementem projektu by\u0142o wsp\u00f3\u0142dzia\u0142anie, kt\u00f3re wi\u0105za\u0142o si\u0119 z odwag\u0105, pokonywaniem l\u0119k\u00f3w i uczy\u0142o kompromisu.<\/p>\n\n\n\n<p>Projekt wzmacnia\u0142 kompetencje spo\u0142eczne i komunikacyjne oraz rozwija\u0142 kreatywno\u015b\u0107 i samodzielno\u015b\u0107 uczni\u00f3w, w tym tych ze specjalnymi potrzebami edukacyjnymi.<\/p>\n\n\n\n<p>Uczestnicy poznali w\u0142asne predyspozycje i zdolno\u015bci, kt\u00f3re mogliby wykorzysta\u0107 w dalszej karierze zawodowej. Nauczyli si\u0119 te\u017c planowa\u0107 zadania i zarz\u0105dza\u0107 czasem pracy. Mieli mo\u017cliwo\u015b\u0107 obserwacji&nbsp; pracy w centrum ogrodniczym, dzi\u0119ki czemu zrozumieli zasady dzia\u0142ania rynku pracy, poznali spos\u00f3b funkcjonowania ma\u0142ej firmy rodzinnej.<\/p>\n\n\n\n<p>Udzia\u0142 w projekcie stworzy\u0142 przestrze\u0144 do rozwoju:<\/p>\n\n\n\n<p>&#8211; kompetencji cyfrowych &#8211; uczniowie zaprojektowali zaproszenia dla go\u015bci, opracowali scenariusz wydarzenia, dokonali wyboru tekst\u00f3w kol\u0119d, wydrukowali je; samodzielnie wykonane zadanie wzmocni\u0142o ich wiar\u0119 we w\u0142asne mo\u017cliwo\u015bci, zmotywowa\u0142o do podejmowania nowych wyzwa\u0144,<\/p>\n\n\n\n<p>&#8211; umiej\u0119tno\u015bci mi\u0119kkich, pracy zespo\u0142owej i kreatywno\u015bci &#8211; uczniowie przygotowuj\u0105c ozdoby pracowali w grupach, wymaga\u0142o to umiej\u0119tno\u015bci wsp\u00f3\u0142pracy, podejmowania decyzji, kompromisu, powodowa\u0142o to poczucie satysfakcji, sprawczo\u015bci i zadowolenia z dobrze wykonanej pracy.<\/p>\n\n\n\n<p>Podczas wsp\u00f3lnego kol\u0119dowania talentem muzycznym wykaza\u0142y si\u0119 dwie uczennice, a ich sukcesem by\u0142 pierwszy wyst\u0119p przed publiczno\u015bci\u0105 a otrzymane brawa powodem do wielkiego zadowolenia.<\/p>\n\n\n\n<p>Podsumowuj\u0105c, udzia\u0142 w projekcie da\u0142 uczestnikom poczucie sukcesu, do\u015bwiadczenie pracy w zespole, mo\u017cliwo\u015b\u0107 pokazania swoich talent\u00f3w. Wzmocni\u0142 pewno\u015b\u0107 siebie i wiar\u0119 we w\u0142asne mo\u017cliwo\u015bci. Efekt ko\u0144cowy projektu spotka\u0142 si\u0119 z dobrym przyj\u0119ciem zar\u00f3wno w\u015br\u00f3d uczni\u00f3w, jak i rodzic\u00f3w i pracownik\u00f3w szko\u0142y.<\/p>\n\n\n\n<p>Zorganizowany wieczorek \u0142\u0105czy\u0142 elementy artystyczne i tw\u00f3rcze, sprzyjaj\u0105c budowaniu relacji, kreatywno\u015bci oraz poczucia w\u0142asnej warto\u015bci<\/p>\n\n\n\n<p>Szczeg\u00f3lne podzi\u0119kowania kierujemy do Pani Magdaleny Owczarek w\u0142a\u015bcicielki \u201eKolorowej Rabatki\u201d, za przeprowadzenie warsztat\u00f3w i \u017cyczliwo\u015b\u0107.<\/p>\n\n\n\n<p><strong>Projekt nr 2: \u201ePrzestrze\u0144 bez barier\u201d- Stworzenie przyjaznej przestrzeni w szkole sprzyjaj\u0105cej wyciszeniu, odpoczynkowi i redukcji stresu dla uczni\u00f3w z SPE.<\/strong><\/p>\n\n\n\n<p>W marcu i kwietniu 2026r. grupa 20 uczni\u00f3w technikum&nbsp; realizowa\u0142a kolejne zadanie w ramach projektu \u201eKariera bez barier\u201d. Uczniowie wraz z nauczycielami zaanga\u017cowanymi w projekt stworzyli przestrze\u0144 relaksu dla uczni\u00f3w z SPE.<\/p>\n\n\n\n<p>Na pocz\u0105tku zosta\u0142a przeprowadzona diagnoza potrzeb, konsultacje z pedagogiem i psychologiem szkolnym. Nast\u0119pnie uczniowie wybrali pomieszczenie, zaprojektowali przestrze\u0144, zaplanowali wystr\u00f3j (fotele, pufy, s\u0142uchawki wyciszaj\u0105ce, strefa do pracy). Wyszukali r\u00f3wnie\u017c w Internecie odpowiednie elementy wyposa\u017cenia, sprawdzaj\u0105c ich ceny i dost\u0119pno\u015b\u0107.<\/p>\n\n\n\n<p>&nbsp;Kolejnym krokiem by\u0142 zakup wyposa\u017cenia (fotele, pufy, stolik, krzes\u0142o, s\u0142uchawki) i opracowanie regulaminu korzystania ze strefy relaksu. Przeprowadzona zosta\u0142a r\u00f3wnie\u017c akcja promocyjna i warsztaty dla uczni\u00f3w na temat emocji i radzenia sobie ze stresem. Uczniowie przygotowali plakat promuj\u0105cy powsta\u0142\u0105 stref\u0119 relaksu w szkole<\/p>\n\n\n\n<p>Wykonuj\u0105c zadania projektowe uczniowie mogli pozna\u0107 swoje mocne strony, wykaza\u0107 si\u0119 odpowiedzialno\u015bci\u0105 i systematyczno\u015bci\u0105. Przygotowanie kolejnych etap\u00f3w projektu wymaga\u0142o niejednokrotnie podejmowania samodzielnych decyzji i prze\u0142amania w\u0142asnych barier. Wa\u017cnym elementem projektu by\u0142o wsp\u00f3\u0142dzia\u0142anie, kt\u00f3re wi\u0105za\u0142o si\u0119 z odwag\u0105, pokonywaniem l\u0119k\u00f3w i uczy\u0142o kompromisu<\/p>\n\n\n\n<p>Udzia\u0142 w projekcie stworzy\u0142 przestrze\u0144 do rozwoju:<\/p>\n\n\n\n<p>&#8211; kompetencji cyfrowych &#8211; uczniowie zaprojektowali przestrze\u0144 relaksu, przedstawili propozycj\u0119 aran\u017cacji wn\u0119trza.<\/p>\n\n\n\n<p>&nbsp;Samodzielnie wykonane zadanie wzmocni\u0142o ich wiar\u0119 we w\u0142asne mo\u017cliwo\u015bci, zmotywowa\u0142o do podejmowania nowych wyzwa\u0144,<\/p>\n\n\n\n<p>&#8211; umiej\u0119tno\u015bci mi\u0119kkich, pracy zespo\u0142owej i kreatywno\u015bci.<\/p>\n\n\n\n<p>Podsumowuj\u0105c, udzia\u0142 w projekcie da\u0142 uczestnikom poczucie sukcesu, do\u015bwiadczenie pracy w zespole, mo\u017cliwo\u015b\u0107 pokazania swoich umiej\u0119tno\u015bci. Wzmocni\u0142 pewno\u015b\u0107 siebie i wiar\u0119 we w\u0142asne mo\u017cliwo\u015bci. Efekt ko\u0144cowy projektu spotka\u0142 si\u0119 z dobrym przyj\u0119ciem zar\u00f3wno w\u015br\u00f3d uczni\u00f3w, jak i rodzic\u00f3w i pracownik\u00f3w szko\u0142y.<\/p>\n\n\n\n<style id=\"bwg-style-0\">    #bwg_container1_0 #bwg_container2_0 .bwg-container-0.bwg-standard-thumbnails {      width: 904px;              justify-content: center;        margin:0 auto !important;              background-color: rgba(255, 255, 255, 0.00);            padding-left: 4px;      padding-top: 4px;      max-width: 100%;            }        #bwg_container1_0 #bwg_container2_0 .bwg-container-0.bwg-standard-thumbnails .bwg-item {    justify-content: flex-start;      max-width: 180px;            width: 180px !important;          }    #bwg_container1_0 #bwg_container2_0 .bwg-container-0.bwg-standard-thumbnails .bwg-item a {       margin-right: 4px;       margin-bottom: 4px;    }    #bwg_container1_0 #bwg_container2_0 .bwg-container-0.bwg-standard-thumbnails .bwg-item0 {      padding: 0px;            background-color:rgba(255,255,255, 0.30);      border: 0px none #CCCCCC;      opacity: 1.00;      border-radius: 0;      box-shadow: 0px 0px 0px #888888;    }    #bwg_container1_0 #bwg_container2_0 .bwg-container-0.bwg-standard-thumbnails .bwg-item1 img {      max-height: none;      max-width: none;      padding: 0 !important;    }        @media only screen and (min-width: 480px) {      #bwg_container1_0 #bwg_container2_0 .bwg-container-0.bwg-standard-thumbnails .bwg-item0 {        transition: all 0.3s ease 0s;-webkit-transition: all 0.3s ease 0s;      }      #bwg_container1_0 #bwg_container2_0 .bwg-container-0.bwg-standard-thumbnails .bwg-item0:hover {        -ms-transform: scale(1.1);        -webkit-transform: scale(1.1);        transform: scale(1.1);      }    }          #bwg_container1_0 #bwg_container2_0 .bwg-container-0.bwg-standard-thumbnails .bwg-item1 {      padding-top: 50%;    }        #bwg_container1_0 #bwg_container2_0 .bwg-container-0.bwg-standard-thumbnails .bwg-title2,    #bwg_container1_0 #bwg_container2_0 .bwg-container-0.bwg-standard-thumbnails .bwg-ecommerce2 {      color: #CCCCCC;      font-family: segoe ui;      font-size: 16px;      font-weight: bold;      padding: 2px;      text-shadow: 0px 0px 0px #888888;      max-height: 100%;    }    #bwg_container1_0 #bwg_container2_0 .bwg-container-0.bwg-standard-thumbnails .bwg-thumb-description span {    color: #323A45;    font-family: Ubuntu;    font-size: 12px;    max-height: 100%;    word-wrap: break-word;    }    #bwg_container1_0 #bwg_container2_0 .bwg-container-0.bwg-standard-thumbnails .bwg-play-icon2 {      font-size: 32px;    }    #bwg_container1_0 #bwg_container2_0 .bwg-container-0.bwg-standard-thumbnails .bwg-ecommerce2 {      font-size: 19.2px;      color: #CCCCCC;    }    <\/style>    <div id=\"bwg_container1_0\"         class=\"bwg_container bwg_thumbnail bwg_thumbnails \"         data-right-click-protection=\"0\"         data-bwg=\"0\"         data-scroll=\"0\"         data-gallery-type=\"thumbnails\"         data-gallery-view-type=\"thumbnails\"         data-current-url=\"\/index.php?rest_route=%2Fwp%2Fv2%2Fpages%2F6646\"         data-lightbox-url=\"https:\/\/zsp-blaszki.pl\/wp-admin\/admin-ajax.php?action=GalleryBox&#038;current_view=0&#038;gallery_id=271&#038;tag=0&#038;theme_id=1&#038;shortcode_id=612&#038;sort_by=order&#038;order_by=asc&#038;current_url=%2Findex.php%3Frest_route%3D%252Fwp%252Fv2%252Fpages%252F6646\"         data-gallery-id=\"271\"         data-popup-width=\"1200\"         data-popup-height=\"1200\"         data-is-album=\"gallery\"         data-buttons-position=\"bottom\">      <div id=\"bwg_container2_0\">             <div id=\"ajax_loading_0\" class=\"bwg_loading_div_1\">      <div class=\"bwg_loading_div_2\">        <div class=\"bwg_loading_div_3\">          <div id=\"loading_div_0\" class=\"bwg_spider_ajax_loading\">          <\/div>        <\/div>      <\/div>    <\/div>            <form id=\"gal_front_form_0\"              class=\"bwg-hidden\"              method=\"post\"              action=\"#\"              data-current=\"0\"              data-shortcode-id=\"612\"              data-gallery-type=\"thumbnails\"              data-gallery-id=\"271\"              data-tag=\"0\"              data-album-id=\"0\"              data-theme-id=\"1\"              data-ajax-url=\"https:\/\/zsp-blaszki.pl\/wp-admin\/admin-ajax.php?action=bwg_frontend_data\">          <div id=\"bwg_container3_0\" class=\"bwg-background bwg-background-0\">                <div data-max-count=\"5\"         data-thumbnail-width=\"180\"         data-bwg=\"0\"         data-gallery-id=\"271\"         data-lightbox-url=\"https:\/\/zsp-blaszki.pl\/wp-admin\/admin-ajax.php?action=GalleryBox&amp;current_view=0&amp;gallery_id=271&amp;tag=0&amp;theme_id=1&amp;shortcode_id=612&amp;sort_by=order&amp;order_by=asc&amp;current_url=%2Findex.php%3Frest_route%3D%252Fwp%252Fv2%252Fpages%252F6646\"         id=\"bwg_thumbnails_0\"         class=\"bwg-container-0 bwg-thumbnails bwg-standard-thumbnails bwg-container bwg-border-box\">            <div class=\"bwg-item\">        <a class=\"bwg-a  bwg_lightbox\"  data-image-id=\"4650\" href=\"https:\/\/zsp-blaszki.pl\/wp-content\/uploads\/photo-gallery\/2026\/Projekty2\/IMG_20260507_125130192_AE.jpg?bwg=1778741464\" data-elementor-open-lightbox=\"no\">                <div class=\"bwg-item0 \">          <div class=\"bwg-item1 \">            <div class=\"bwg-item2\">              <img decoding=\"async\" class=\"skip-lazy bwg_standart_thumb_img_0 \"                   data-id=\"4650\"                   data-width=\"226.00\"                   data-height=\"300.00\"                   data-src=\"https:\/\/zsp-blaszki.pl\/wp-content\/uploads\/photo-gallery\/2026\/Projekty2\/thumb\/IMG_20260507_125130192_AE.jpg?bwg=1778741464\"                   src=\"https:\/\/zsp-blaszki.pl\/wp-content\/uploads\/photo-gallery\/2026\/Projekty2\/thumb\/IMG_20260507_125130192_AE.jpg?bwg=1778741464\"                   alt=\"IMG 20260507 125130192 AE\"                   title=\"IMG 20260507 125130192 AE\" \/>            <\/div>            <div class=\"\">                                                      <\/div>          <\/div>        <\/div>                        <\/a>              <\/div>            <div class=\"bwg-item\">        <a class=\"bwg-a  bwg_lightbox\"  data-image-id=\"4647\" href=\"https:\/\/zsp-blaszki.pl\/wp-content\/uploads\/photo-gallery\/2026\/Projekty2\/IMG_20260507_125114594_HDR_AE.jpg?bwg=1778741320\" data-elementor-open-lightbox=\"no\">                <div class=\"bwg-item0 \">          <div class=\"bwg-item1 \">            <div class=\"bwg-item2\">              <img decoding=\"async\" class=\"skip-lazy bwg_standart_thumb_img_0 \"                   data-id=\"4647\"                   data-width=\"226.00\"                   data-height=\"300.00\"                   data-src=\"https:\/\/zsp-blaszki.pl\/wp-content\/uploads\/photo-gallery\/2026\/Projekty2\/thumb\/IMG_20260507_125114594_HDR_AE.jpg?bwg=1778741320\"                   src=\"https:\/\/zsp-blaszki.pl\/wp-content\/uploads\/photo-gallery\/2026\/Projekty2\/thumb\/IMG_20260507_125114594_HDR_AE.jpg?bwg=1778741320\"                   alt=\"IMG 20260507 125114594 HDR AE\"                   title=\"IMG 20260507 125114594 HDR AE\" \/>            <\/div>            <div class=\"\">                                                      <\/div>          <\/div>        <\/div>                        <\/a>              <\/div>            <div class=\"bwg-item\">        <a class=\"bwg-a  bwg_lightbox\"  data-image-id=\"4648\" href=\"https:\/\/zsp-blaszki.pl\/wp-content\/uploads\/photo-gallery\/2026\/Projekty2\/1000035612.jpg?bwg=1778741320\" data-elementor-open-lightbox=\"no\">                <div class=\"bwg-item0 \">          <div class=\"bwg-item1 \">            <div class=\"bwg-item2\">              <img decoding=\"async\" class=\"skip-lazy bwg_standart_thumb_img_0 \"                   data-id=\"4648\"                   data-width=\"226.00\"                   data-height=\"300.00\"                   data-src=\"https:\/\/zsp-blaszki.pl\/wp-content\/uploads\/photo-gallery\/2026\/Projekty2\/thumb\/1000035612.jpg?bwg=1778741320\"                   src=\"https:\/\/zsp-blaszki.pl\/wp-content\/uploads\/photo-gallery\/2026\/Projekty2\/thumb\/1000035612.jpg?bwg=1778741320\"                   alt=\"1000035612\"                   title=\"1000035612\" \/>            <\/div>            <div class=\"\">                                                      <\/div>          <\/div>        <\/div>                        <\/a>              <\/div>            <div class=\"bwg-item\">        <a class=\"bwg-a  bwg_lightbox\"  data-image-id=\"4649\" href=\"https:\/\/zsp-blaszki.pl\/wp-content\/uploads\/photo-gallery\/2026\/Projekty2\/1000035611.jpg?bwg=1778741320\" data-elementor-open-lightbox=\"no\">                <div class=\"bwg-item0 \">          <div class=\"bwg-item1 \">            <div class=\"bwg-item2\">              <img decoding=\"async\" class=\"skip-lazy bwg_standart_thumb_img_0 \"                   data-id=\"4649\"                   data-width=\"226.00\"                   data-height=\"300.00\"                   data-src=\"https:\/\/zsp-blaszki.pl\/wp-content\/uploads\/photo-gallery\/2026\/Projekty2\/thumb\/1000035611.jpg?bwg=1778741320\"                   src=\"https:\/\/zsp-blaszki.pl\/wp-content\/uploads\/photo-gallery\/2026\/Projekty2\/thumb\/1000035611.jpg?bwg=1778741320\"                   alt=\"1000035611\"                   title=\"1000035611\" \/>            <\/div>            <div class=\"\">                                                      <\/div>          <\/div>        <\/div>                        <\/a>              <\/div>          <\/div>    <style>      \/*pagination styles*\/      #bwg_container1_0 #bwg_container2_0 .tablenav-pages_0 {\t\t\t\ttext-align: center;\t\t\t\tfont-size: 12px;\t\t\t\tfont-family: segoe ui;\t\t\t\tfont-weight: bold;\t\t\t\tcolor: #666666;\t\t\t\tmargin: 6px 0 4px;\t\t\t\tdisplay: block;      }      @media only screen and (max-width : 320px) {      #bwg_container1_0 #bwg_container2_0 .displaying-num_0 {     \t display: none;      }      }      #bwg_container1_0 #bwg_container2_0 .displaying-num_0 {\t\t\t\tfont-size: 12px;\t\t\t\tfont-family: segoe ui;\t\t\t\tfont-weight: bold;\t\t\t\tcolor: #666666;\t\t\t\tmargin-right: 10px;\t\t\t\tvertical-align: middle;      }      #bwg_container1_0 #bwg_container2_0 .paging-input_0 {\t\t\t\tfont-size: 12px;\t\t\t\tfont-family: segoe ui;\t\t\t\tfont-weight: bold;\t\t\t\tcolor: #666666;\t\t\t\tvertical-align: middle;      }      #bwg_container1_0 #bwg_container2_0 .tablenav-pages_0 a.disabled,      #bwg_container1_0 #bwg_container2_0 .tablenav-pages_0 a.disabled:hover,      #bwg_container1_0 #bwg_container2_0 .tablenav-pages_0 a.disabled:focus,\t\t\t#bwg_container1_0 #bwg_container2_0 .tablenav-pages_0 input.bwg_current_page {\t\t\t\tcursor: default;\t\t\t\tcolor: rgba(102, 102, 102, 0.5);      }      #bwg_container1_0 #bwg_container2_0 .tablenav-pages_0 a,      #bwg_container1_0 #bwg_container2_0 .tablenav-pages_0 input.bwg_current_page {\t\t\t\tcursor: pointer;\t\t\t\ttext-align: center;\t\t\t\tfont-size: 12px;\t\t\t\tfont-family: segoe ui;\t\t\t\tfont-weight: bold;\t\t\t\tcolor: #666666;\t\t\t\ttext-decoration: none;\t\t\t\tpadding: 3px 6px;\t\t\t\tmargin: 0;\t\t\t\tborder-radius: 0;\t\t\t\tborder-style: solid;\t\t\t\tborder-width: 1px;\t\t\t\tborder-color: #E3E3E3;\t\t\t\t\t\t\t\tbackground-color: rgba(255, 255, 255, 1.00);\t\t\t\tbox-shadow: 0;\t\t\t\ttransition: all 0.3s ease 0s;-webkit-transition: all 0.3s ease 0s;      }      <\/style>      <span class=\"bwg_nav_cont_0\">              <div class=\"tablenav-pages_0\">                  <\/div>                <input type=\"hidden\" id=\"page_number_0\" name=\"page_number_0\" value=\"1\" \/>      <script type=\"text\/javascript\">        if( jQuery('.bwg_nav_cont_0').length > 1 ) {          jQuery('.bwg_nav_cont_0').first().remove()        }        function spider_page_0(cur, x, y, load_more) {          if (typeof load_more == \"undefined\") {            var load_more = false;          }          if (jQuery(cur).hasClass('disabled')) {            return false;          }          var items_county_0 = 1;          switch (y) {            case 1:              if (x >= items_county_0) {                document.getElementById('page_number_0').value = items_county_0;              }              else {                document.getElementById('page_number_0').value = x + 1;              }              break;            case 2:              document.getElementById('page_number_0').value = items_county_0;              break;            case -1:              if (x == 1) {                document.getElementById('page_number_0').value = 1;              }              else {                document.getElementById('page_number_0').value = x - 1;              }              break;            case -2:              document.getElementById('page_number_0').value = 1;              break;\t\t\t\t\t\tcase 0:              document.getElementById('page_number_0').value = x;              break;            default:              document.getElementById('page_number_0').value = 1;          }          bwg_ajax('gal_front_form_0', '0', 'bwg_thumbnails_0', '0', '', 'gallery', 0, '', '', load_more, '', 1);        }                    jQuery('.first-page-0').on('click', function () {              spider_page_0(this, 1, -2, 'numeric');              return false;            });            jQuery('.prev-page-0').on('click', function () {              spider_page_0(this, 1, -1, 'numeric');              return false;            });            jQuery('.next-page-0').on('click', function () {              spider_page_0(this, 1, 1, 'numeric');              return false;            });            jQuery('.last-page-0').on('click', function () {              spider_page_0(this, 1, 2, 'numeric');              return false;            });        \t\t\t\t\/* Change page on input enter. *\/        function bwg_change_page_0( e, that ) {          if (  e.key == 'Enter' ) {            var to_page = parseInt(jQuery(that).val());            var pages_count = jQuery(that).parents(\".pagination-links\").data(\"pages-count\");            var current_url_param = jQuery(that).attr('data-url-info');            if (to_page > pages_count) {              to_page = 1;            }\t \t\t\t\t\t\t\t\t\t\t\t\tspider_page_0(this, to_page, 0, 'numeric');\t\t\t\t\t\t\treturn false;\t\t\t\t\t\t          }          return true;        }        jQuery('.bwg_load_btn_0').on('click', function () {            spider_page_0(this, 1, 1, true);            return false;        });      <\/script>      <\/span>                <\/div>        <\/form>        <style>          #bwg_container1_0 #bwg_container2_0 #spider_popup_overlay_0 {          background-color: #000000;          opacity: 0.70;          }          <\/style>        <div id=\"bwg_spider_popup_loading_0\" class=\"bwg_spider_popup_loading\"><\/div>        <div id=\"spider_popup_overlay_0\" class=\"spider_popup_overlay\" onclick=\"spider_destroypopup(1000)\"><\/div>        <input type=\"hidden\" id=\"bwg_random_seed_0\" value=\"1220438482\">                <\/div>    <\/div>    <script>      if (document.readyState === 'complete') {        if( typeof bwg_main_ready == 'function' ) {          if ( jQuery(\"#bwg_container1_0\").height() ) {            bwg_main_ready(jQuery(\"#bwg_container1_0\"));          }        }      } else {        document.addEventListener('DOMContentLoaded', function() {          if( typeof bwg_main_ready == 'function' ) {            if ( jQuery(\"#bwg_container1_0\").height() ) {             bwg_main_ready(jQuery(\"#bwg_container1_0\"));            }          }        });      }    <\/script>    \n","protected":false},"excerpt":{"rendered":"<p>Projekt nr 1: \u201e\u015awi\u0105teczne inspiracje\u201d w Powiatowym Zespole Szk\u00f3\u0142 w B\u0142aszkach W listopadzie i grudniu 2025 roku uczniowie technikum zaanga\u017cowani w projekt \u201eKariera bez barier\u201d realizowali zadania zwi\u0105zane z projektem uczniowskim \u201e\u015awi\u0105teczne inspiracje\u201d. Podczas diagnozy ustalono, \u017ce istnieje potrzeba cz\u0119stszych kontakt\u00f3w z rodzicami. Nie musz\u0105 one mie\u0107 charakteru formalnego. Projekt mia\u0142 na celu wzmocni\u0107 wsp\u00f3\u0142prac\u0119&#8230;<\/p>\n","protected":false},"author":24791,"featured_media":0,"parent":0,"menu_order":0,"comment_status":"closed","ping_status":"closed","template":"","meta":{"footnotes":""},"class_list":["post-6646","page","type-page","status-publish","hentry"],"_links":{"self":[{"href":"https:\/\/zsp-blaszki.pl\/index.php?rest_route=\/wp\/v2\/pages\/6646","targetHints":{"allow":["GET"]}}],"collection":[{"href":"https:\/\/zsp-blaszki.pl\/index.php?rest_route=\/wp\/v2\/pages"}],"about":[{"href":"https:\/\/zsp-blaszki.pl\/index.php?rest_route=\/wp\/v2\/types\/page"}],"author":[{"embeddable":true,"href":"https:\/\/zsp-blaszki.pl\/index.php?rest_route=\/wp\/v2\/users\/24791"}],"replies":[{"embeddable":true,"href":"https:\/\/zsp-blaszki.pl\/index.php?rest_route=%2Fwp%2Fv2%2Fcomments&post=6646"}],"version-history":[{"count":3,"href":"https:\/\/zsp-blaszki.pl\/index.php?rest_route=\/wp\/v2\/pages\/6646\/revisions"}],"predecessor-version":[{"id":6683,"href":"https:\/\/zsp-blaszki.pl\/index.php?rest_route=\/wp\/v2\/pages\/6646\/revisions\/6683"}],"wp:attachment":[{"href":"https:\/\/zsp-blaszki.pl\/index.php?rest_route=%2Fwp%2Fv2%2Fmedia&parent=6646"}],"curies":[{"name":"wp","href":"https:\/\/api.w.org\/{rel}","templated":true}]}}