{"id":6648,"date":"2026-05-13T16:15:22","date_gmt":"2026-05-13T14:15:22","guid":{"rendered":"https:\/\/zsp-blaszki.pl\/?page_id=6648"},"modified":"2026-05-13T19:14:50","modified_gmt":"2026-05-13T17:14:50","slug":"innowacje","status":"publish","type":"page","link":"https:\/\/zsp-blaszki.pl\/?page_id=6648","title":{"rendered":"Innowacje"},"content":{"rendered":"\n<p><strong>Innowacja pedagogiczna: \u201eDebata bez barier &#8211; umiej\u0119tno\u015b\u0107 argumentacyjna &#8211; kluczem \u015bcie\u017cki zawodowej\u201d.<\/strong><\/p>\n\n\n\n<p>W grudniu\u00a0 2025r. nauczyciel przedmiot\u00f3w zawodowych ekonomicznych pani Marzena Polowczyk prowadzi\u0142a dla\u00a0 23 uczni\u00f3w; w tym jednego ucznia z \u00a0orzeczeniem o potrzebie kszta\u0142cenia specjalnego, zaj\u0119cia \u201eDebata bez barier &#8211; umiej\u0119tno\u015b\u0107 argumentacyjna &#8211; kluczem \u015bcie\u017cki zawodowej\u201d. Lekcje odbywa\u0142y si\u0119 w ramach projektu \u201eKariera bez barier\u201d &#8211; mia\u0142y \u00a0na celu rozw\u00f3j kompetencji argumentacyjnych, kreatywno\u015bci, analizowania informacji, organizacji czasu pracy oraz wsp\u00f3\u0142pracy. Rozwija\u0142y umiej\u0119tno\u015b\u0107 prze\u0142amywania\u00a0 l\u0119ku przed wyst\u0105pieniem, dzia\u0142ania pod presj\u0105 czasu czy radzenia sobie z emocjami w trudnych sytuacjach interpersonalnych. Ka\u017cda debata by\u0142a poprzedzona przygotowaniem, a po niej odbywa\u0142a si\u0119 refleksja:<\/p>\n\n\n\n<p>&#8211;&nbsp; Co nam da\u0142a taka forma pracy?<\/p>\n\n\n\n<p>&#8211;&nbsp; W jaki spos\u00f3b wp\u0142yn\u0119\u0142a na nasze kompetencji i umiej\u0119tno\u015bci?<\/p>\n\n\n\n<p>&#8211; Gdzie b\u0119dziemy mogli wykorzysta\u0107 efekty tej innowacji pedagogicznej?<\/p>\n\n\n\n<p>Debata wiedzy to zaj\u0119cia, kt\u00f3re maj\u0105 na celu rozw\u00f3j kompetencji argumentacyjnych, przedsi\u0119biorczo\u015bci, analizowaniu informacji, pracy zespo\u0142owej i obrazu samego siebie. Rozwijaj\u0105 \u00a0krytyczne my\u015blenie poprzez rozwi\u0105zywanie problem\u00f3w, wzmacniaj\u0105 kompetencje spo\u0142eczne, odwag\u0119 do przedstawiania swojej opinii i odpowiedzialno\u015b\u0107 za w\u0142asne wybory z wykorzystaniem metod takich jak debata \u201cza i przeciw\u201d. Innowacja wp\u0142yn\u0119\u0142a na podniesienie dobrostanu os\u00f3b uczestnicz\u0105cych a tym samym podniesieniu warto\u015bci projektu.<\/p>\n\n\n\n<p>Nowatorstwo innowacji polega\u0142o na odej\u015bciu od tradycyjnych, schematycznych metod nauczania i wychowania na rzecz dzia\u0142a\u0144 opartych na aktywno\u015bci ucznia, jego kreatywno\u015bci, gospodarowaniem sob\u0105 w czasie oraz realnym wp\u0142ywie na otaczaj\u0105c\u0105 rzeczywisto\u015b\u0107. To dzia\u0142anie pozwoli\u0142o na\u00a0 rozw\u00f3j kompetencji przysz\u0142o\u015bci (kreatywno\u015b\u0107, przedsi\u0119biorczo\u015b\u0107) jak r\u00f3wnie\u017c budowanie relacji i wsp\u00f3lnoty \u2013 poprzez dzia\u0142ania w zespole, rozwi\u0105zywania problem\u00f3w, argumentacji, rozwijania zaanga\u017cowania spo\u0142ecznego a tak\u017ce praktycznego podej\u015bcia do nauki.\u00a0<\/p>\n","protected":false},"excerpt":{"rendered":"<p>Innowacja pedagogiczna: \u201eDebata bez barier &#8211; umiej\u0119tno\u015b\u0107 argumentacyjna &#8211; kluczem \u015bcie\u017cki zawodowej\u201d. W grudniu\u00a0 2025r. nauczyciel przedmiot\u00f3w zawodowych ekonomicznych pani Marzena Polowczyk prowadzi\u0142a dla\u00a0 23 uczni\u00f3w; w tym jednego ucznia z \u00a0orzeczeniem o potrzebie kszta\u0142cenia specjalnego, zaj\u0119cia \u201eDebata bez barier &#8211; umiej\u0119tno\u015b\u0107 argumentacyjna &#8211; kluczem \u015bcie\u017cki zawodowej\u201d. Lekcje odbywa\u0142y si\u0119 w ramach projektu \u201eKariera bez&#8230;<\/p>\n","protected":false},"author":24791,"featured_media":0,"parent":0,"menu_order":0,"comment_status":"closed","ping_status":"closed","template":"","meta":{"footnotes":""},"class_list":["post-6648","page","type-page","status-publish","hentry"],"_links":{"self":[{"href":"https:\/\/zsp-blaszki.pl\/index.php?rest_route=\/wp\/v2\/pages\/6648","targetHints":{"allow":["GET"]}}],"collection":[{"href":"https:\/\/zsp-blaszki.pl\/index.php?rest_route=\/wp\/v2\/pages"}],"about":[{"href":"https:\/\/zsp-blaszki.pl\/index.php?rest_route=\/wp\/v2\/types\/page"}],"author":[{"embeddable":true,"href":"https:\/\/zsp-blaszki.pl\/index.php?rest_route=\/wp\/v2\/users\/24791"}],"replies":[{"embeddable":true,"href":"https:\/\/zsp-blaszki.pl\/index.php?rest_route=%2Fwp%2Fv2%2Fcomments&post=6648"}],"version-history":[{"count":4,"href":"https:\/\/zsp-blaszki.pl\/index.php?rest_route=\/wp\/v2\/pages\/6648\/revisions"}],"predecessor-version":[{"id":6667,"href":"https:\/\/zsp-blaszki.pl\/index.php?rest_route=\/wp\/v2\/pages\/6648\/revisions\/6667"}],"wp:attachment":[{"href":"https:\/\/zsp-blaszki.pl\/index.php?rest_route=%2Fwp%2Fv2%2Fmedia&parent=6648"}],"curies":[{"name":"wp","href":"https:\/\/api.w.org\/{rel}","templated":true}]}}