{"id":6652,"date":"2026-05-13T16:16:40","date_gmt":"2026-05-13T14:16:40","guid":{"rendered":"https:\/\/zsp-blaszki.pl\/?page_id=6652"},"modified":"2026-05-13T19:25:32","modified_gmt":"2026-05-13T17:25:32","slug":"spotkania-z-pracodawca","status":"publish","type":"page","link":"https:\/\/zsp-blaszki.pl\/?page_id=6652","title":{"rendered":"Spotkania z pracodawc\u0105"},"content":{"rendered":"\n<p><strong>Spotkanie z pracodawc\u0105 pani\u0105 Magdalen\u0105 Owczarek w\u0142a\u015bcicielk\u0105 centrum ogrodniczego Kolorowa Rabatka.<\/strong><\/p>\n\n\n\n<p>W dniu 20 listopada 2025r. 20 uczni\u00f3w spotka\u0142o si\u0119 z pani\u0105 Magdalen\u0105 Owczarek w\u0142a\u015bcicielk\u0105 centrum ogrodniczego Kolorowa Rabatka. Pani Magdalena opowiedzia\u0142a uczniom o zasadach funkcjonowania firmy, o pojawiaj\u0105cych si\u0119 problemach. Uczniowie zwiedzili centrum, rozmawiali z pracownikami, ogl\u0105dali ekspozycje.<\/p>\n\n\n\n<p>Nast\u0119pnie uczniowie przedstawili cele oraz scenariusz warsztat\u00f3w \u201e\u015awi\u0105teczne inspiracje\u201d, poprosili o ewentualne sugestie i rady. Wsp\u00f3lnie wybrano rodzaje dekoracji i materia\u0142y, z kt\u00f3rych b\u0119d\u0105 wykonane.<\/p>\n\n\n\n<p>Pani Owczarek&nbsp; zaproponowa\u0142a wst\u0119pny termin warsztat\u00f3w i przedstawi\u0142a zadania, kt\u00f3re podczas warsztat\u00f3w nale\u017cy wykona\u0107. Uczniowie uwzgl\u0119dniaj\u0105c swoje umiej\u0119tno\u015bci i predyspozycje dokonali podzia\u0142u zada\u0144.<\/p>\n\n\n\n<p>Formy realizacji dzia\u0142ania zosta\u0142y wybrane na podstawie zainteresowa\u0144 i predyspozycji uczni\u00f3w.&nbsp; Spotkanie mia\u0142o na celu:<\/p>\n\n\n\n<ul class=\"wp-block-list\">\n<li>zapoznanie si\u0119 ze specyfik\u0105 pracy w kwiaciarni i ogrodnictwie, poznanie najnowszych trend\u00f3w w dekorowaniu i wystroju \u015bwi\u0105tecznym.<\/li>\n\n\n\n<li>wykorzystanie najnowszych technologii i zdobytej w szkole wiedzy do prowadzenia w\u0142asnego przedsi\u0119biorstwa. Obserwacja pracy w centrum ogrodniczym dostarczy wiedzy na temat funkcjonowania ma\u0142ego, lokalnego przedsi\u0119biorstwa, zarz\u0105dzania nim w czasie.<\/li>\n<\/ul>\n\n\n\n<p>Uczniowie b\u0119d\u0105 mogli zapozna\u0107 si\u0119 z zasadami pracy z klientem, wsp\u00f3\u0142pracownikami. Poznaj\u0105 sposoby rozwi\u0105zywania ewentualnych trudno\u015bci i pracy pod presj\u0105 czasu.<\/p>\n\n\n\n<p>Centrum Ogrodnicze Kolorowa Rabatka od lat wsp\u00f3\u0142pracuje z nasza szko\u0142\u0105; jego w\u0142a\u015bcicielka jest osob\u0105 kreatywn\u0105, otwart\u0105 na r\u00f3\u017cne wyzwania, potrafi rozmawia\u0107 z m\u0142odzie\u017c\u0105. Ma ogromne do\u015bwiadczenie w prowadzeniu warsztat\u00f3w dla uczni\u00f3w.<\/p>\n\n\n\n<p><strong>Spotkanie z pracodawc\u0105 &#8211; Centrum Kultury w B\u0142aszkach<\/strong><\/p>\n\n\n\n<p>W dniu 19 marca 2026r. uczniowie technikum bior\u0105cy udzia\u0142 w projekcie \u201eKariera bez barier\u201d, odwiedzili Centrum Kultury w B\u0142aszkach. Mogli zapozna\u0107 si\u0119 z funkcjonowaniem tej instytucji, pozna\u0107 profil dzia\u0142alno\u015bci, r\u00f3\u017cnorodno\u015b\u0107 proponowanych zaj\u0119\u0107 i organizowanych wydarze\u0144.<\/p>\n\n\n\n<p>Wizyta mia\u0142a na celu zapoznanie uczni\u00f3w ze specyfik\u0105 funkcjonowania plac\u00f3wki kulturalnej z terenu gminy, uzyskanie informacji o realiach i specyfice pracy w tego typu o\u015brodku, zapoznanie z wymaganiami stawianymi kandydatom do pracy.<\/p>\n\n\n\n<p>Uczniowie odwiedzili r\u00f3wnie\u017c nale\u017c\u0105c\u0105 do Centrum Kultury bibliotek\u0119 w B\u0142aszkach. Pani Justyna Wolska z pasj\u0105 opowiedzia\u0142a m\u0142odzie\u017cy o zawodzie bibliotekarza, o realiach pracy w bibliotece, o kwalifikacjach, jakie powinni posiada\u0107 kandydaci do pracy&nbsp; w tej instytucji. Uczniowie dowiedzieli si\u0119, \u017ce biblioteka to nie tylko wypo\u017cyczalnia ksi\u0105\u017cek, ale r\u00f3wnie\u017c miejsce, w kt\u00f3rym wiele si\u0119 dzieje.<\/p>\n\n\n\n<p>Spotkanie dowiod\u0142o, \u017ce ka\u017cda osoba, niezale\u017cnie od ogranicze\u0144 zdrowotnych czy spo\u0142ecznych mo\u017ce prze\u0142ama\u0107 swoje ograniczenia i osi\u0105gn\u0105\u0107 sukces. Wsp\u00f3lne dzia\u0142ania prze\u0142amuj\u0105 bariery komunikacyjne, buduj\u0105 relacje partnerskie oraz wzmacniaj\u0105 kompetencje spo\u0142eczne i zawodowe.<\/p>\n\n\n\n<p>Dzi\u0119kujemy pani Justynie Wolskiej za zorganizowanie tak ciekawego spotkania.<\/p>\n\n\n\n<p><strong>Spotkanie z pracodawc\u0105: wizyta uczni\u00f3w technikum w firmie Pietrucha<\/strong><\/p>\n\n\n\n<p>Uczniowie klasy 3t i 4t Powiatowego Zespo\u0142u Szk\u00f3\u0142 w B\u0142aszkach odwiedzili w czwartek, 23 kwietnia lokalnego przedsi\u0119biorc\u0119 &#8211; firm\u0119 Pietrucha. Spotkanie odby\u0142o si\u0119 w ramach realizacji zada\u0144 projektu\u00a0 \u201eKariera bez barier\u201d. Nasi technicy poznali histori\u0119 przedsi\u0119biorstwa, kt\u00f3re z niewielkiej rodzinnej firmy sta\u0142o si\u0119 mi\u0119dzynarodowym liderem sektora in\u017cynierii l\u0105dowej i wodnej; dowiedzieli si\u0119 jakie produkty znajduj\u0105 si\u0119 w bogatej ofercie sprzeda\u017cy, jak wygl\u0105da proces rekrutacji w firmie, od czego zacz\u0105\u0107 poszukiwanie pracy czy te\u017c jak przygotowa\u0107 si\u0119 do rozmowy kwalifikacyjnej i jakich b\u0142\u0119d\u00f3w nie pope\u0142ni\u0107. Uczniowie zwiedzili hale produkcyjne, gdzie mogli zobaczy\u0107 jak wygl\u0105da proces wytwarzania danego produktu.<\/p>\n\n\n\n<p>Dzi\u0119kujemy pani Paulinie Plichcie i panu Marcinowi Chor\u0105ziakowi za po\u015bwi\u0119cony czas, za Pa\u0144stwa profesjonalizm, zaanga\u017cowanie i \u017cyczliwo\u015b\u0107. Mamy nadziej\u0119 na kolejne tak warto\u015bciowe spotkania w przysz\u0142o\u015bci.<\/p>\n","protected":false},"excerpt":{"rendered":"<p>Spotkanie z pracodawc\u0105 pani\u0105 Magdalen\u0105 Owczarek w\u0142a\u015bcicielk\u0105 centrum ogrodniczego Kolorowa Rabatka. W dniu 20 listopada 2025r. 20 uczni\u00f3w spotka\u0142o si\u0119 z pani\u0105 Magdalen\u0105 Owczarek w\u0142a\u015bcicielk\u0105 centrum ogrodniczego Kolorowa Rabatka. Pani Magdalena opowiedzia\u0142a uczniom o zasadach funkcjonowania firmy, o pojawiaj\u0105cych si\u0119 problemach. Uczniowie zwiedzili centrum, rozmawiali z pracownikami, ogl\u0105dali ekspozycje. Nast\u0119pnie uczniowie przedstawili cele oraz scenariusz&#8230;<\/p>\n","protected":false},"author":24791,"featured_media":0,"parent":0,"menu_order":0,"comment_status":"closed","ping_status":"closed","template":"","meta":{"footnotes":""},"class_list":["post-6652","page","type-page","status-publish","hentry"],"_links":{"self":[{"href":"https:\/\/zsp-blaszki.pl\/index.php?rest_route=\/wp\/v2\/pages\/6652","targetHints":{"allow":["GET"]}}],"collection":[{"href":"https:\/\/zsp-blaszki.pl\/index.php?rest_route=\/wp\/v2\/pages"}],"about":[{"href":"https:\/\/zsp-blaszki.pl\/index.php?rest_route=\/wp\/v2\/types\/page"}],"author":[{"embeddable":true,"href":"https:\/\/zsp-blaszki.pl\/index.php?rest_route=\/wp\/v2\/users\/24791"}],"replies":[{"embeddable":true,"href":"https:\/\/zsp-blaszki.pl\/index.php?rest_route=%2Fwp%2Fv2%2Fcomments&post=6652"}],"version-history":[{"count":4,"href":"https:\/\/zsp-blaszki.pl\/index.php?rest_route=\/wp\/v2\/pages\/6652\/revisions"}],"predecessor-version":[{"id":6678,"href":"https:\/\/zsp-blaszki.pl\/index.php?rest_route=\/wp\/v2\/pages\/6652\/revisions\/6678"}],"wp:attachment":[{"href":"https:\/\/zsp-blaszki.pl\/index.php?rest_route=%2Fwp%2Fv2%2Fmedia&parent=6652"}],"curies":[{"name":"wp","href":"https:\/\/api.w.org\/{rel}","templated":true}]}}